{"id":12736,"date":"2023-10-19T17:13:16","date_gmt":"2023-10-19T15:13:16","guid":{"rendered":"https:\/\/inmobres.es\/evaluez-votre-bien-gratuitement-avec-inmobres\/"},"modified":"2023-11-20T16:28:45","modified_gmt":"2023-11-20T15:28:45","slug":"evaluez-votre-bien-gratuitement-avec-inmobres","status":"publish","type":"page","link":"https:\/\/inmobres.es\/fr\/evaluez-votre-bien-gratuitement-avec-inmobres\/","title":{"rendered":"\u00c9valuez votre bien gratuitement avec Inmobres"},"content":{"rendered":"<p>[et_pb_section fb_built=\u00a0\u00bb1&Prime; custom_padding_last_edited=\u00a0\u00bbon|tablet\u00a0\u00bb _builder_version=\u00a0\u00bb4.22.2&Prime; _module_preset=\u00a0\u00bbdefault\u00a0\u00bb background_color=\u00a0\u00bb#f2f2f2&Prime; custom_padding_tablet=\u00a0\u00bb0px||||false|false\u00a0\u00bb custom_padding_phone=\u00a0\u00bb0px||||false|false\u00a0\u00bb global_colors_info=\u00a0\u00bb{}\u00a0\u00bb][et_pb_row custom_padding_last_edited=\u00a0\u00bbon|desktop\u00a0\u00bb _builder_version=\u00a0\u00bb4.22.2&Prime; _module_preset=\u00a0\u00bbdefault\u00a0\u00bb z_index=\u00a0\u00bb3&Prime; custom_margin=\u00a0\u00bb||||false|false\u00a0\u00bb custom_margin_tablet=\u00a0\u00bb||||false|false\u00a0\u00bb custom_margin_phone=\u00a0\u00bb||||false|false\u00a0\u00bb custom_margin_last_edited=\u00a0\u00bbon|desktop\u00a0\u00bb custom_padding=\u00a0\u00bb||0px||false|false\u00a0\u00bb custom_padding_tablet=\u00a0\u00bb||0px||false|false\u00a0\u00bb custom_padding_phone=\u00a0\u00bb||0px||false|false\u00a0\u00bb global_colors_info=\u00a0\u00bb{}\u00a0\u00bb][et_pb_column type=\u00a0\u00bb4_4&Prime; _builder_version=\u00a0\u00bb4.22.2&Prime; _module_preset=\u00a0\u00bbdefault\u00a0\u00bb global_colors_info=\u00a0\u00bb{}\u00a0\u00bb][et_pb_text _builder_version=\u00a0\u00bb4.22.2&Prime; _dynamic_attributes=\u00a0\u00bbcontent\u00a0\u00bb _module_preset=\u00a0\u00bbdefault\u00a0\u00bb header_text_align=\u00a0\u00bbcenter\u00a0\u00bb global_colors_info=\u00a0\u00bb{}\u00a0\u00bb]@ET-DC@eyJkeW5hbWljIjp0cnVlLCJjb250ZW50IjoicG9zdF90aXRsZSIsInNldHRpbmdzIjp7ImJlZm9yZSI6IjxoMT4iLCJhZnRlciI6IjxcL2gxPiJ9fQ==@[\/et_pb_text][\/et_pb_column][\/et_pb_row][et_pb_row _builder_version=\u00a0\u00bb4.22.2&Prime; _module_preset=\u00a0\u00bbdefault\u00a0\u00bb z_index=\u00a0\u00bb3&Prime; width_tablet=\u00a0\u00bb\u00a0\u00bb width_phone=\u00a0\u00bb90%\u00a0\u00bb width_last_edited=\u00a0\u00bbon|phone\u00a0\u00bb hover_enabled=\u00a0\u00bb0&Prime; global_colors_info=\u00a0\u00bb{}\u00a0\u00bb max_width_last_edited=\u00a0\u00bbon|desktop\u00a0\u00bb max_width=\u00a0\u00bb800px\u00a0\u00bb sticky_enabled=\u00a0\u00bb0&Prime; max_width_tablet=\u00a0\u00bb800px\u00a0\u00bb max_width_phone=\u00a0\u00bb800px\u00a0\u00bb][et_pb_column type=\u00a0\u00bb4_4&Prime; _builder_version=\u00a0\u00bb4.22.2&Prime; _module_preset=\u00a0\u00bbdefault\u00a0\u00bb z_index=\u00a0\u00bb3&Prime; global_colors_info=\u00a0\u00bb{}\u00a0\u00bb][et_pb_text disabled_on=\u00a0\u00bboff|off|on\u00a0\u00bb _builder_version=\u00a0\u00bb4.22.2&Prime; _module_preset=\u00a0\u00bbdefault\u00a0\u00bb header_2_font_size=\u00a0\u00bb20px\u00a0\u00bb global_colors_info=\u00a0\u00bb{}\u00a0\u00bb]<\/p>\n<h2 style=\"text-align: center;\"><span style=\"color: #000000;\">Vous souhaitez conna\u00eetre la valeur de votre bien ?<\/span><\/h2>\n<p style=\"text-align: center;\"><span>Gr\u00e2ce \u00e0 notre outil d&rsquo;\u00e9valuation, vous conna\u00eetrez <strong>le meilleur prix de vente<\/strong> en 5 minutes.<\/span><\/p>\n<p style=\"text-align: center;\"><span>Et le meilleur : c&rsquo;est <strong>GRATUIT !<\/strong><\/span><\/p>\n<p>[\/et_pb_text][et_pb_code _builder_version=\u00a0\u00bb4.22.2&Prime; _module_preset=\u00a0\u00bbdefault\u00a0\u00bb custom_margin=\u00a0\u00bb||||false|false\u00a0\u00bb custom_margin_tablet=\u00a0\u00bb||||false|false\u00a0\u00bb custom_margin_phone=\u00a0\u00bb||||false|false\u00a0\u00bb custom_margin_last_edited=\u00a0\u00bbon|desktop\u00a0\u00bb global_colors_info=\u00a0\u00bb{}\u00a0\u00bb]<script type=\"text\/javascript\" src=\"https:\/\/betterplaceapp.com\/public-ratings\/public-ratings-widget.js\"><\/script> <script id=\"public-rating-widget\" type=\"text\/javascript\"> window.initPublicRatingsWidget({ width: '100%', height: 500, url: \"https:\/\/betterplaceapp.com\/valorar\/bono-property-services-sl\/u\/36946?locale=es&iframe=true\" }) <\/script>[\/et_pb_code][\/et_pb_column][\/et_pb_row][\/et_pb_section]<\/p>\n","protected":false},"excerpt":{"rendered":"<p>Savez-vous combien vaut votre bien ? \u00c9valuez votre bien gratuitement avec Inmobres.<br \/>\nVous conna\u00eetrez le meilleur prix de vente en quelques minutes.<\/p>\n","protected":false},"author":6,"featured_media":12755,"parent":0,"menu_order":0,"comment_status":"closed","ping_status":"closed","template":"","meta":{"_et_pb_use_builder":"on","_et_pb_old_content":"","_et_gb_content_width":"","_themeisle_gutenberg_block_has_review":false,"footnotes":""},"class_list":["post-12736","page","type-page","status-publish","has-post-thumbnail","hentry"],"_links":{"self":[{"href":"https:\/\/inmobres.es\/fr\/wp-json\/wp\/v2\/pages\/12736","targetHints":{"allow":["GET"]}}],"collection":[{"href":"https:\/\/inmobres.es\/fr\/wp-json\/wp\/v2\/pages"}],"about":[{"href":"https:\/\/inmobres.es\/fr\/wp-json\/wp\/v2\/types\/page"}],"author":[{"embeddable":true,"href":"https:\/\/inmobres.es\/fr\/wp-json\/wp\/v2\/users\/6"}],"replies":[{"embeddable":true,"href":"https:\/\/inmobres.es\/fr\/wp-json\/wp\/v2\/comments?post=12736"}],"version-history":[{"count":15,"href":"https:\/\/inmobres.es\/fr\/wp-json\/wp\/v2\/pages\/12736\/revisions"}],"predecessor-version":[{"id":12962,"href":"https:\/\/inmobres.es\/fr\/wp-json\/wp\/v2\/pages\/12736\/revisions\/12962"}],"wp:featuredmedia":[{"embeddable":true,"href":"https:\/\/inmobres.es\/fr\/wp-json\/wp\/v2\/media\/12755"}],"wp:attachment":[{"href":"https:\/\/inmobres.es\/fr\/wp-json\/wp\/v2\/media?parent=12736"}],"curies":[{"name":"wp","href":"https:\/\/api.w.org\/{rel}","templated":true}]}}