{"id":669,"date":"2018-05-22T20:48:26","date_gmt":"2018-05-22T20:48:26","guid":{"rendered":"https:\/\/inmobres.es\/politica-de-privacidad\/"},"modified":"2024-01-19T19:28:21","modified_gmt":"2024-01-19T18:28:21","slug":"politica-de-privacidad","status":"publish","type":"page","link":"https:\/\/inmobres.es\/en\/politica-de-privacidad\/","title":{"rendered":"Pol\u00edtica de Privacidad"},"content":{"rendered":"\n<h2 class=\"wp-block-heading\">Aviso Legal<\/h2>\n\n\n\n<p>Mediante este Aviso Legal se regula el uso de las p\u00e1ginas que forman&nbsp;https:\/\/inmobres.es, incluidos los contenidos ofrecidos en dicho sitio web.<\/p>\n\n\n\n<h3 class=\"wp-block-heading\">Identidad del Sitio<\/h3>\n\n\n\n<ul class=\"wp-block-list\">\n<li><strong>Nombre:<\/strong>&nbsp;Bono Property Services S.L.<\/li>\n\n\n\n<li><strong>Nombre Comercial:&nbsp;<\/strong>Inmobres<\/li>\n\n\n\n<li><strong>NIF \/ CIF:<\/strong>&nbsp;B42505529<\/li>\n\n\n\n<li><strong>Direcci\u00f3n:<\/strong>&nbsp;Partida Salamanca 1G. 03710 Calpe (Alicante)<\/li>\n\n\n\n<li><strong>Actividad:<\/strong>&nbsp;Sector Inmobiliario<\/li>\n\n\n\n<li><strong>Web:<\/strong>&nbsp;https:\/\/inmobres.es<\/li>\n\n\n\n<li><strong>Correo Electr\u00f3nico:<\/strong>&nbsp;info@inmobres.com<\/li>\n<\/ul>\n\n\n\n<h3 class=\"wp-block-heading\">Finalidad del Sitio<\/h3>\n\n\n\n<p>Este Sitio Web ofrece contenidos y\/o productos\/servicios relacionados con&nbsp;Sector Inmobiliario.<\/p>\n\n\n\n<h3 class=\"wp-block-heading\">Propiedad del Sitio<\/h3>\n\n\n\n<p>Tanto el Sitio Web&nbsp;https:\/\/inmobres.es&nbsp;como el contenido que muestra (textos, im\u00e1genes, etc.), pertenecen a&nbsp;Bono Property Services S.L.&nbsp;y se proh\u00edbe su reproducci\u00f3n total o parcial sin previo consentimiento.<\/p>\n\n\n\n<p>Las im\u00e1genes de terceros utilizadas en la web cuentan con la licencia y\/o autorizaci\u00f3n del autor.<\/p>\n\n\n\n<h3 class=\"wp-block-heading\">Medidas de Seguridad<\/h3>\n\n\n\n<p>En&nbsp;https:\/\/inmobres.es&nbsp;llevamos a cabo medidas de prevenci\u00f3n para evitar que el sitio o los datos que almacena se vean comprometidos.<\/p>\n\n\n\n<p>Adem\u00e1s, utilizamos programas y plugins que nos permitan detectar posibles amenazas (virus, brechas de seguridad, etc.). Sin embargo, si en alg\u00fan momento los datos de los usuarios se ven comprometidos, se avisar\u00e1 por correo electr\u00f3nico a los afectados.<\/p>\n\n\n\n<h3 class=\"wp-block-heading\">Contacto<\/h3>\n\n\n\n<p>Si necesitas ponerte en contacto con nosotros, puedes enviarnos un correo electr\u00f3nico a&nbsp;info@inmobres.com<\/p>\n\n\n\n<h2 class=\"wp-block-heading\">Pol\u00edtica de Privacidad<\/h2>\n\n\n\n<p>La presente Pol\u00edtica de Privacidad facilita al usuario informaci\u00f3n sobre el tratamiento de sus datos personales en&nbsp;https:\/\/inmobres.es.<\/p>\n\n\n\n<h3 class=\"wp-block-heading\">Tratamiento de los datos personales<\/h3>\n\n\n\n<ol class=\"wp-block-list\">\n<li><strong>Finalidad del tratamiento de los datos:<\/strong>\u00a0los datos personales recabados en\u00a0https:\/\/inmobres.es\u00a0se utilizar\u00e1n para las siguientes finalidades:\n<ul class=\"wp-block-list\">\n<li>En caso de contrataci\u00f3n de servicios: para mantener la relaci\u00f3n contractual, as\u00ed como la gesti\u00f3n, informaci\u00f3n y mejora de los servicios.<\/li>\n\n\n\n<li>En caso de compra de productos: para realizar el env\u00edo de los mismos y contactar, si es necesario, con el comprador.<\/li>\n\n\n\n<li>En cualquiera de los casos anteriores, para la emisi\u00f3n de la factura correspondiente.<\/li>\n\n\n\n<li>Env\u00edo de informaci\u00f3n solicitada por el interesado.<\/li>\n\n\n\n<li>Para el env\u00edo de boletines (newsletters), as\u00ed como comunicaciones comerciales de promociones y\/o publicidad de los servicios y eventos en&nbsp;https:\/\/inmobres.es.<\/li>\n\n\n\n<li>Para la publicaci\u00f3n de comentarios en el Sitio Web.<\/li>\n<\/ul>\n<\/li>\n\n\n\n<li><strong>Tiempo de conservaci\u00f3n de los datos:<\/strong>&nbsp;los datos personales del usuario ser\u00e1n almacenados indefinidamente, pudiendo el usuario solicitar su modificaci\u00f3n o eliminaci\u00f3n en cualquier momento enviando un correo electr\u00f3nico a&nbsp;info@inmobres.com<\/li>\n\n\n\n<li><strong>Derechos:<\/strong>&nbsp;como usuario de&nbsp;https:\/\/inmobres.es, el usuario dispone del derecho a obtener confirmaci\u00f3n sobre si estamos tratando sus datos personales. En este sentido dispone de:<ul><li>Derecho de ACCESO a sus datos personales.<\/li><li>Derecho de solicitar la RECTIFICACI\u00d3N de los datos inexactos.<\/li><li>Derecho de solicitar la SUPRESI\u00d3N de sus datos.<\/li><li>Derecho de solicitar la PORTABILIDAD de sus datos.<\/li><\/ul>Podr\u00e1 ejercer tales derechos por correo electr\u00f3nico a la direcci\u00f3n&nbsp;info@inmobres.com&nbsp;o por correo postal a la direcci\u00f3n&nbsp;Partida Salamanca 1G. 03710 Calpe (Alicante).<\/li>\n<\/ol>\n\n\n\n<h3 class=\"wp-block-heading\">Destinatarios<\/h3>\n\n\n\n<p>Algunos datos como: direcciones IP, comportamiento durante la navegaci\u00f3n, datos demogr\u00e1ficos y otros datos no identificativos; podr\u00e1n ser compartidos con terceros con el fin de mejorar el sitio web o garantizar al usuario la mejor experiencia durante su acceso a&nbsp;https:\/\/inmobres.es.<\/p>\n\n\n\n<p>Se compartir\u00e1 datos con los siguientes prestadores de servicios:<\/p>\n\n\n\n<ul class=\"wp-block-list\">\n<li><strong>Google Analytics:<\/strong>&nbsp;es un servicio anal\u00edtico de web prestado por Google, Inc., una compa\u00f1\u00eda de Delaware cuya oficina principal est\u00e1 en 1600 Amphitheatre Parkway, Mountain View (California), CA 94043, Estados Unidos (\u201cGoogle\u201d).Google Analytics utiliza \u201ccookies\u201d (archivos de texto ubicados en tu ordenador) para ayudar a&nbsp;https:\/\/inmobres.es&nbsp;a analizar el uso que hacen los usuarios del Sitio Web. La informaci\u00f3n que genera la cookie acerca de su uso en&nbsp;https:\/\/inmobres.es&nbsp;es directamente transmitida y archivada por Google en los servidores de Estados Unidos.<\/li>\n\n\n\n<li><strong>Hosting:<\/strong>&nbsp;Raiola Networks, S.L., con domicilio en Espa\u00f1a. Raiola Networks, S.L. trata los datos con la finalidad de realizar sus servicios de hosting a&nbsp;https:\/\/inmobres.es.<\/li>\n\n\n\n<li><strong>Email Marketing:<\/strong>&nbsp;Mailchimp trata los datos con la finalidad de realizar sus servicios de email marketing a&nbsp;Bono Property Services S.L..<\/li>\n<\/ul>\n\n\n\n<h3 class=\"wp-block-heading\">Confidencialidad<\/h3>\n\n\n\n<p>En ning\u00fan caso cederemos datos personales a terceros no mencionados anteriormente, salvo previa petici\u00f3n o autorizaci\u00f3n expresa del usuario. Adem\u00e1s, los datos compartidos con terceros ser\u00e1n los estrictamente necesarios para el buen funcionamiento del sitio web y para garantizar al usuario una experiencia \u00f3ptima mientras utilice y navegue por&nbsp;https:\/\/inmobres.es.<\/p>\n\n\n\n<h2 class=\"wp-block-heading\">Pol\u00edtica de Cookies<\/h2>\n\n\n\n<h3 class=\"wp-block-heading\">\u00bfQu\u00e9 son las Cookies?<\/h3>\n\n\n\n<p>Las Cookies son peque\u00f1os ficheros de texto que el servidor del Sitio Web env\u00eda al navegador utilizado por el usuario para acceder (ya sea desde un ordenador, m\u00f3vil, tablet, etc.). La finalidad de las Cookies es almacenar informaci\u00f3n sobre la navegaci\u00f3n que se efect\u00faa desde dicho equipo en el sitio web&nbsp;https:\/\/inmobres.es, pudiendo recuperarse dicha informaci\u00f3n a posteriori.<\/p>\n\n\n\n<p>Puedes descargar esta <a href=\"https:\/\/inmobres.es\/wp-content\/uploads\/2019\/10\/Guia_Cookies.pdf\" target=\"_blank\" rel=\"noreferrer noopener\">Gu\u00eda sobre Cookies<\/a> realizada por la Agencia Espa\u00f1ola de Protecci\u00f3n de Datos.<\/p>\n\n\n\n<p>Las Cookies se asocian \u00fanicamente a un usuario an\u00f3nimo y su dispositivo y no proporcionan referencias que permitan deducir datos personales del usuario. El usuario podr\u00e1 configurar su navegador para que notifique y rechace la instalaci\u00f3n de Cookies enviadas por la Web, sin que ello perjudique la posibilidad del usuario de acceder a los contenidos de dicha web. Sin embargo la calidad de funcionamiento de la p\u00e1gina Web puede disminuir.<\/p>\n\n\n\n<h3 class=\"wp-block-heading\">\u00bfQu\u00e9 tipos de Cookies existen?<\/h3>\n\n\n\n<ul class=\"wp-block-list\">\n<li><strong>Cookies propias o de terceros:<\/strong>&nbsp;son propias cuando las cookies se gestionan desde&nbsp;https:\/\/inmobres.es. De terceros, cuando las env\u00eda una entidad ajena a&nbsp;https:\/\/inmobres.es.<\/li>\n\n\n\n<li><strong>Cookies de sesi\u00f3n y persistentes:<\/strong>&nbsp;las Cookies de sesi\u00f3n expiran cuando el usuario cierra el navegador. Las Cookies persistentes expiran en funci\u00f3n de cuando se cumpla el objetivo para el que sirven (por ejemplo, para que el usuario se mantenga identificado) o bien cuando se borran manualmente.<\/li>\n\n\n\n<li><strong>Cookies t\u00e9cnicas\/personalizaci\u00f3n\/an\u00e1lisis\/publicitarias:<\/strong>&nbsp;las cookies t\u00e9cnicas permiten controlar el tr\u00e1fico y la comunicaci\u00f3n de datos. Las de personalizaci\u00f3n dejan a los usuarios acceder seg\u00fan algunas caracter\u00edsticas propias que se recogen (navegador, idioma, etc.). Las de an\u00e1lisis recogen datos sobre el comportamiento de los usuarios y permiten elaborar un perfil de usuario. Por \u00faltimo, las publicitarias recogen datos sobre la gesti\u00f3n de los espacios publicitarios.<\/li>\n<\/ul>\n\n\n\n<h3 class=\"wp-block-heading\">\u00bfQu\u00e9 Cookies utilizamos en&nbsp;Inmobres?<\/h3>\n\n\n\n<ul class=\"wp-block-list\">\n<li><strong>Facebook:<\/strong>&nbsp;utilizamos Cookies de Facebook y de plugins relacionados con Facebook para mostrar contenido de Facebook en&nbsp;https:\/\/inmobres.es, y permitir al usuario interactuar con el contenido mostrado desde el mismo Sitio Web, sin la necesidad de acudir a la web de Facebook.<\/li>\n\n\n\n<li><strong>El Tiempo:<\/strong>&nbsp;utilizamos Cookies de eltiempo.es para mostrar la previsi\u00f3n meteorol\u00f3gica.<\/li>\n\n\n\n<li><strong>Google:<\/strong>&nbsp;utilizamos Cookies de Google con diversos fines, como son: anal\u00edtica del comportamiento e interacci\u00f3n por parte del usuario con el Sitio Web, mostrar publicidad relevante para el usuario, administraci\u00f3n de etiquetas.<\/li>\n\n\n\n<li><strong>WordPress:&nbsp;<\/strong>el Sitio Web utiliza Cookies propias del CMS WordPress\/wooCommerce para la gesti\u00f3n de sesiones de usuario y la personalizaci\u00f3n del sitio y del contenido.<\/li>\n\n\n\n<li><strong>Jetpack:<\/strong>&nbsp;el plugin Jetpack crea diversas Cookies para diferentes cometidos. M\u00e1s informaci\u00f3n en su web sobre Cookies:&nbsp;<a href=\"https:\/\/jetpack.com\/support\/cookies\/\" target=\"_blank\" rel=\"noreferrer noopener\">https:\/\/jetpack.com\/support\/cookies\/<\/a><\/li>\n\n\n\n<li><strong>Divi:<\/strong>&nbsp;los temas Divi o Extra de Elegant Themes y sus plugins crean varias cookies relacionadas con el aspecto del Sitio Web.<\/li>\n<\/ul>\n\n\n\n<h3 class=\"wp-block-heading\">\u00bfC\u00f3mo desactivar las Cookies?<\/h3>\n\n\n\n<p>Desactivando las Cookies no se disfrutar\u00e1 de la experiencia de usuario \u00f3ptima en&nbsp;https:\/\/inmobres.es. Si aun as\u00ed quieres desactivarlas, puedes seguir las instrucciones correspondientes a tu navegador:<\/p>\n\n\n\n<ul class=\"wp-block-list\">\n<li><strong>Google Chrome:<\/strong>&nbsp;<a href=\"https:\/\/support.google.com\/chrome\/answer\/95647?hl=es-419\" target=\"_blank\" rel=\"noreferrer noopener\">http:\/\/support.google.com\/chrome\/cookies\/<\/a><\/li>\n\n\n\n<li><strong>Mozilla Firefox:<\/strong>&nbsp;<a href=\"https:\/\/support.mozilla.org\/es\/kb\/habilitar-y-deshabilitar-cookies-sitios-web-rastrear-preferencias\" target=\"_blank\" rel=\"noreferrer noopener\">https:\/\/support.mozilla.org\/habilitar-y-deshabilitar-cookies\/<\/a><\/li>\n\n\n\n<li><strong>Internet Explorer:<\/strong>&nbsp;<a href=\"https:\/\/support.microsoft.com\/en-us\/help\/17442\/windows-internet-explorer-delete-manage-cookies#ie=ie-10\" target=\"_blank\" rel=\"noreferrer noopener\">https:\/\/support.microsoft.com\/windows-internet-explorer-delete-cookies\/<\/a><\/li>\n\n\n\n<li><strong>Safari:<\/strong>&nbsp;<a href=\"https:\/\/support.apple.com\/es-es\/HT201265\" target=\"_blank\" rel=\"noreferrer noopener\">https:\/\/support.apple.com\/cookies\/<\/a><\/li>\n<\/ul>\n","protected":false},"excerpt":{"rendered":"<p>Aviso Legal Mediante este Aviso Legal se regula el uso de las p\u00e1ginas que forman&nbsp;https:\/\/inmobres.es, incluidos los contenidos ofrecidos en dicho sitio web. Identidad del Sitio Finalidad del Sitio Este Sitio Web ofrece contenidos y\/o productos\/servicios relacionados con&nbsp;Sector Inmobiliario. Propiedad del Sitio Tanto el Sitio Web&nbsp;https:\/\/inmobres.es&nbsp;como el contenido que muestra (textos, im\u00e1genes, etc.), pertenecen a&nbsp;Bono [&hellip;]<\/p>\n","protected":false},"author":3,"featured_media":0,"parent":0,"menu_order":0,"comment_status":"closed","ping_status":"closed","template":"","meta":{"_et_pb_use_builder":"off","_et_pb_old_content":"<article id=\"avisoLegal\">\r\n<h1 class=\"h1\">Aviso Legal<\/h1>\r\nMediante este Aviso Legal se regula el uso de las p\u00e1ginas que forman\u00a0<span class=\"mostrarWeb\">https:\/\/inmobres.es<\/span>, incluidos los contenidos ofrecidos en dicho sitio web.\r\n<div id=\"legalIdentidad\">\r\n<h3 class=\"h3\">Identidad del Sitio<\/h3>\r\n<ul>\r\n \t<li><strong>Nombre:<\/strong>\u00a0<span class=\"mostrarNombre\">Bono Property Services S.L.<\/span><\/li>\r\n \t<li><strong>Nombre Comercial:\u00a0<\/strong><span class=\"mostrarNombreComercial\">Inmobres<\/span><\/li>\r\n \t<li><strong>NIF \/ CIF:<\/strong>\u00a0<span class=\"mostrarNIF\">B42505529<\/span><\/li>\r\n \t<li><strong>Direcci\u00f3n:<\/strong>\u00a0<span class=\"mostrarDomicilio\">Partida Salamanca 1G. 03710 Calpe (Alicante)<\/span><\/li>\r\n \t<li><strong>Actividad:<\/strong>\u00a0<span class=\"mostrarActividad\">Sector Inmobiliario<\/span><\/li>\r\n \t<li><strong>Web:<\/strong>\u00a0<span class=\"mostrarWeb\">https:\/\/inmobres.es<\/span><\/li>\r\n \t<li><strong>Correo Electr\u00f3nico:<\/strong>\u00a0<span class=\"mostrarEmail\">info@inmobres.com<\/span><\/li>\r\n<\/ul>\r\n<\/div>\r\n<div>\r\n<h3 class=\"h3\">Finalidad del Sitio<\/h3>\r\nEste Sitio Web ofrece contenidos y\/o productos\/servicios relacionados con\u00a0<span class=\"mostrarActividad\">Sector Inmobiliario<\/span>.\r\n\r\n<\/div>\r\n<div>\r\n<h3 class=\"h3\">Propiedad del Sitio<\/h3>\r\nTanto el Sitio Web\u00a0<span class=\"mostrarWeb\">https:\/\/inmobres.es<\/span>\u00a0como el contenido que muestra (textos, im\u00e1genes, etc.), pertenecen a\u00a0<span class=\"mostrarNombre\">Bono Property Services S.L.<\/span>\u00a0y se proh\u00edbe su reproducci\u00f3n total o parcial sin previo consentimiento.\r\n\r\nLas im\u00e1genes de terceros utilizadas en la web cuentan con la licencia y\/o autorizaci\u00f3n del autor.\r\n\r\n<\/div>\r\n<div>\r\n<h3 class=\"h3\">Medidas de Seguridad<\/h3>\r\nEn\u00a0<span class=\"mostrarWeb\">https:\/\/inmobres.es<\/span>\u00a0llevamos a cabo medidas de prevenci\u00f3n para evitar que el sitio o los datos que almacena se vean comprometidos.\r\n\r\nAdem\u00e1s, utilizamos programas y plugins que nos permitan detectar posibles amenazas (virus, brechas de seguridad, etc.). Sin embargo, si en alg\u00fan momento los datos de los usuarios se ven comprometidos, se avisar\u00e1 por correo electr\u00f3nico a los afectados.\r\n\r\n<\/div>\r\n<div>\r\n<h3 class=\"h3\">Contacto<\/h3>\r\nSi necesitas ponerte en contacto con nosotros, puedes enviarnos un correo electr\u00f3nico a\u00a0<span class=\"mostrarEmail\">info@inmobres.com<\/span>\r\n\r\n<\/div>\r\n<\/article><article id=\"politicaPrivacidad\">\r\n<h1 class=\"h1\">Pol\u00edtica de Privacidad<\/h1>\r\nLa presente Pol\u00edtica de Privacidad facilita al usuario informaci\u00f3n sobre el tratamiento de sus datos personales en\u00a0<span class=\"mostrarWeb\">https:\/\/inmobres.es<\/span>.\r\n<div>\r\n<h3 class=\"h3\">Tratamiento de los datos personales<\/h3>\r\n<ol>\r\n \t<li><strong>Finalidad del tratamiento de los datos:<\/strong>\u00a0los datos personales recabados en\u00a0<span class=\"mostrarWeb\">https:\/\/inmobres.es<\/span>\u00a0se utilizar\u00e1n para las siguientes finalidades:\r\n<ul>\r\n \t<li>En caso de contrataci\u00f3n de servicios: para mantener la relaci\u00f3n contractual, as\u00ed como la gesti\u00f3n, informaci\u00f3n y mejora de los servicios.<\/li>\r\n \t<li>En caso de compra de productos: para realizar el env\u00edo de los mismos y contactar, si es necesario, con el comprador.<\/li>\r\n \t<li>En cualquiera de los casos anteriores, para la emisi\u00f3n de la factura correspondiente.<\/li>\r\n \t<li>Env\u00edo de informaci\u00f3n solicitada por el interesado.<\/li>\r\n \t<li>Para el env\u00edo de boletines (newsletters), as\u00ed como comunicaciones comerciales de promociones y\/o publicidad de los servicios y eventos en\u00a0<span class=\"mostrarWeb\">https:\/\/inmobres.es<\/span>.<\/li>\r\n \t<li>Para la publicaci\u00f3n de comentarios en el Sitio Web.<\/li>\r\n<\/ul>\r\n<\/li>\r\n \t<li><strong>Tiempo de conservaci\u00f3n de los datos:<\/strong>\u00a0los datos personales del usuario ser\u00e1n almacenados indefinidamente, pudiendo el usuario solicitar su modificaci\u00f3n o eliminaci\u00f3n en cualquier momento enviando un correo electr\u00f3nico a\u00a0<span class=\"mostrarEmail\">info@inmobres.com<\/span><\/li>\r\n \t<li><strong>Derechos:<\/strong>\u00a0como usuario de\u00a0<span class=\"mostrarWeb\">https:\/\/inmobres.es<\/span>, el usuario dispone del derecho a obtener confirmaci\u00f3n sobre si estamos tratando sus datos personales. En este sentido dispone de:\r\n<ul>\r\n \t<li>Derecho de ACCESO a sus datos personales.<\/li>\r\n \t<li>Derecho de solicitar la RECTIFICACI\u00d3N de los datos inexactos.<\/li>\r\n \t<li>Derecho de solicitar la SUPRESI\u00d3N de sus datos.<\/li>\r\n \t<li>Derecho de solicitar la PORTABILIDAD de sus datos.<\/li>\r\n<\/ul>\r\nPodr\u00e1 ejercer tales derechos por correo electr\u00f3nico a la direcci\u00f3n\u00a0<span class=\"mostrarEmail\">info@inmobres.com<\/span>\u00a0o por correo postal a la direcci\u00f3n\u00a0<span class=\"mostrarDomicilio\">Partida Salamanca 1G. 03710 Calpe (Alicante)<\/span>.<\/li>\r\n<\/ol>\r\n<\/div>\r\n<div>\r\n<h3 class=\"h3\">Destinatarios<\/h3>\r\nAlgunos datos como: direcciones IP, comportamiento durante la navegaci\u00f3n, datos demogr\u00e1ficos y otros datos no identificativos; podr\u00e1n ser compartidos con terceros con el fin de mejorar el sitio web o garantizar al usuario la mejor experiencia durante su acceso a\u00a0<span class=\"mostrarWeb\">https:\/\/inmobres.es<\/span>.\r\n\r\nSe compartir\u00e1 datos con los siguientes prestadores de servicios:\r\n<ul>\r\n \t<li id=\"compartirAnalytics\"><strong>Google Analytics:<\/strong>\u00a0es un servicio anal\u00edtico de web prestado por Google, Inc., una compa\u00f1\u00eda de Delaware cuya oficina principal est\u00e1 en 1600 Amphitheatre Parkway, Mountain View (California), CA 94043, Estados Unidos (\u201cGoogle\u201d).Google Analytics utiliza \u201ccookies\u201d (archivos de texto ubicados en tu ordenador) para ayudar a\u00a0<span class=\"mostrarWeb\">https:\/\/inmobres.es<\/span>\u00a0a analizar el uso que hacen los usuarios del Sitio Web. La informaci\u00f3n que genera la cookie acerca de su uso en\u00a0<span class=\"mostrarWeb\">https:\/\/inmobres.es<\/span>\u00a0es directamente transmitida y archivada por Google en los servidores de Estados Unidos.<\/li>\r\n \t<li id=\"compartirRaiola\"><strong>Hosting:<\/strong>\u00a0Raiola Networks, S.L., con domicilio en Espa\u00f1a. Raiola Networks, S.L. trata los datos con la finalidad de realizar sus servicios de hosting a\u00a0<span class=\"mostrarWeb\">https:\/\/inmobres.es<\/span>.<\/li>\r\n \t<li id=\"compartirMailchimp\"><strong>Email Marketing:<\/strong>\u00a0Mailchimp trata los datos con la finalidad de realizar sus servicios de email marketing a\u00a0<span class=\"mostrarNombre\">Bono Property Services S.L.<\/span>.<\/li>\r\n<\/ul>\r\n<\/div>\r\n<div>\r\n<h3 class=\"h3\">Confidencialidad<\/h3>\r\nEn ning\u00fan caso cederemos datos personales a terceros no mencionados anteriormente, salvo previa petici\u00f3n o autorizaci\u00f3n expresa del usuario. Adem\u00e1s, los datos compartidos con terceros ser\u00e1n los estrictamente necesarios para el buen funcionamiento del sitio web y para garantizar al usuario una experiencia \u00f3ptima mientras utilice y navegue por\u00a0<span class=\"mostrarWeb\">https:\/\/inmobres.es<\/span>.\r\n\r\n<\/div>\r\n<\/article><article id=\"politicCookies\">\r\n<h1 class=\"h1\">Pol\u00edtica de Cookies<\/h1>\r\n<div>\r\n<h3 class=\"h3\">\u00bfQu\u00e9 son las Cookies?<\/h3>\r\nLas Cookies son peque\u00f1os ficheros de texto que el servidor del Sitio Web env\u00eda al navegador utilizado por el usuario para acceder (ya sea desde un ordenador, m\u00f3vil, tablet, etc.). La finalidad de las Cookies es almacenar informaci\u00f3n sobre la navegaci\u00f3n que se efect\u00faa desde dicho equipo en el sitio web\u00a0<span class=\"mostrarWeb\">https:\/\/inmobres.es<\/span>, pudiendo recuperarse dicha informaci\u00f3n a posteriori.\r\n\r\nPuedes descargar esta <a href=\"https:\/\/inmobres.es\/wp-content\/uploads\/2019\/10\/Guia_Cookies.pdf\" target=\"_blank\" rel=\"noopener noreferrer\">Gu\u00eda sobre Cookies<\/a> realizada por la Agencia Espa\u00f1ola de Protecci\u00f3n de Datos.\r\n\r\nLas Cookies se asocian \u00fanicamente a un usuario an\u00f3nimo y su dispositivo y no proporcionan referencias que permitan deducir datos personales del usuario. El usuario podr\u00e1 configurar su navegador para que notifique y rechace la instalaci\u00f3n de Cookies enviadas por la Web, sin que ello perjudique la posibilidad del usuario de acceder a los contenidos de dicha web. Sin embargo la calidad de funcionamiento de la p\u00e1gina Web puede disminuir.\r\n\r\n<\/div>\r\n<div>\r\n<h3 class=\"h3\">\u00bfQu\u00e9 tipos de Cookies existen?<\/h3>\r\n<ul>\r\n \t<li><strong>Cookies propias o de terceros:<\/strong>\u00a0son propias cuando las cookies se gestionan desde\u00a0<span class=\"mostrarWeb\">https:\/\/inmobres.es<\/span>. De terceros, cuando las env\u00eda una entidad ajena a\u00a0<span class=\"mostrarWeb\">https:\/\/inmobres.es<\/span>.<\/li>\r\n \t<li><strong>Cookies de sesi\u00f3n y persistentes:<\/strong>\u00a0las Cookies de sesi\u00f3n expiran cuando el usuario cierra el navegador. Las Cookies persistentes expiran en funci\u00f3n de cuando se cumpla el objetivo para el que sirven (por ejemplo, para que el usuario se mantenga identificado) o bien cuando se borran manualmente.<\/li>\r\n \t<li><strong>Cookies t\u00e9cnicas\/personalizaci\u00f3n\/an\u00e1lisis\/publicitarias:<\/strong>\u00a0las cookies t\u00e9cnicas permiten controlar el tr\u00e1fico y la comunicaci\u00f3n de datos. Las de personalizaci\u00f3n dejan a los usuarios acceder seg\u00fan algunas caracter\u00edsticas propias que se recogen (navegador, idioma, etc.). Las de an\u00e1lisis recogen datos sobre el comportamiento de los usuarios y permiten elaborar un perfil de usuario. Por \u00faltimo, las publicitarias recogen datos sobre la gesti\u00f3n de los espacios publicitarios.<\/li>\r\n<\/ul>\r\n<\/div>\r\n<div>\r\n<h3 class=\"h3\">\u00bfQu\u00e9 Cookies utilizamos en\u00a0<span class=\"mostrarNombreComercial\">Inmobres<\/span>?<\/h3>\r\n<ul>\r\n \t<li id=\"cookieFacebook\"><strong>Facebook:<\/strong>\u00a0utilizamos Cookies de Facebook y de plugins relacionados con Facebook para mostrar contenido de Facebook en\u00a0<span class=\"mostrarWeb\">https:\/\/inmobres.es<\/span>, y permitir al usuario interactuar con el contenido mostrado desde el mismo Sitio Web, sin la necesidad de acudir a la web de Facebook.<\/li>\r\n \t<li id=\"cookieEltiempo\"><strong>El Tiempo:<\/strong>\u00a0utilizamos Cookies de eltiempo.es para mostrar la previsi\u00f3n meteorol\u00f3gica.<\/li>\r\n \t<li id=\"cookieGoogle\"><strong>Google:<\/strong>\u00a0utilizamos Cookies de Google con diversos fines, como son: anal\u00edtica del comportamiento e interacci\u00f3n por parte del usuario con el Sitio Web, mostrar publicidad relevante para el usuario, administraci\u00f3n de etiquetas.<\/li>\r\n \t<li id=\"cookieWordpress\"><strong>Wordpress:\u00a0<\/strong>el Sitio Web utiliza Cookies propias del CMS Wordpress\/wooCommerce para la gesti\u00f3n de sesiones de usuario y la personalizaci\u00f3n del sitio y del contenido.<\/li>\r\n \t<li id=\"cookieJetpack\"><strong>Jetpack:<\/strong>\u00a0el plugin Jetpack crea diversas Cookies para diferentes cometidos. M\u00e1s informaci\u00f3n en su web sobre Cookies:\u00a0<a href=\"https:\/\/jetpack.com\/support\/cookies\/\" target=\"_blank\" rel=\"noopener noreferrer\">https:\/\/jetpack.com\/support\/cookies\/<\/a><\/li>\r\n \t<li id=\"cookieDivi\"><strong>Divi:<\/strong>\u00a0los temas Divi o Extra de Elegant Themes y sus plugins crean varias cookies relacionadas con el aspecto del Sitio Web.<\/li>\r\n<\/ul>\r\n<\/div>\r\n<div>\r\n<h3 class=\"h3\">\u00bfC\u00f3mo desactivar las Cookies?<\/h3>\r\nDesactivando las Cookies no se disfrutar\u00e1 de la experiencia de usuario \u00f3ptima en\u00a0<span class=\"mostrarWeb\">https:\/\/inmobres.es<\/span>. Si aun as\u00ed quieres desactivarlas, puedes seguir las instrucciones correspondientes a tu navegador:\r\n<ul>\r\n \t<li><strong>Google Chrome:<\/strong>\u00a0<a href=\"https:\/\/support.google.com\/chrome\/answer\/95647?hl=es-419\" target=\"_blank\" rel=\"noopener noreferrer\">http:\/\/support.google.com\/chrome\/cookies\/<\/a><\/li>\r\n \t<li><strong>Mozilla Firefox:<\/strong>\u00a0<a href=\"https:\/\/support.mozilla.org\/es\/kb\/habilitar-y-deshabilitar-cookies-sitios-web-rastrear-preferencias\" target=\"_blank\" rel=\"noopener noreferrer\">https:\/\/support.mozilla.org\/habilitar-y-deshabilitar-cookies\/<\/a><\/li>\r\n \t<li><strong>Internet Explorer:<\/strong>\u00a0<a href=\"https:\/\/support.microsoft.com\/en-us\/help\/17442\/windows-internet-explorer-delete-manage-cookies#ie=ie-10\" target=\"_blank\" rel=\"noopener noreferrer\">https:\/\/support.microsoft.com\/windows-internet-explorer-delete-cookies\/<\/a><\/li>\r\n \t<li><strong>Safari:<\/strong>\u00a0<a href=\"https:\/\/support.apple.com\/es-es\/HT201265\" target=\"_blank\" rel=\"noopener noreferrer\">https:\/\/support.apple.com\/cookies\/<\/a><\/li>\r\n<\/ul>\r\n<\/div>\r\n<\/article>","_et_gb_content_width":"","_themeisle_gutenberg_block_has_review":false,"footnotes":""},"class_list":["post-669","page","type-page","status-publish","hentry"],"_links":{"self":[{"href":"https:\/\/inmobres.es\/en\/wp-json\/wp\/v2\/pages\/669","targetHints":{"allow":["GET"]}}],"collection":[{"href":"https:\/\/inmobres.es\/en\/wp-json\/wp\/v2\/pages"}],"about":[{"href":"https:\/\/inmobres.es\/en\/wp-json\/wp\/v2\/types\/page"}],"author":[{"embeddable":true,"href":"https:\/\/inmobres.es\/en\/wp-json\/wp\/v2\/users\/3"}],"replies":[{"embeddable":true,"href":"https:\/\/inmobres.es\/en\/wp-json\/wp\/v2\/comments?post=669"}],"version-history":[{"count":3,"href":"https:\/\/inmobres.es\/en\/wp-json\/wp\/v2\/pages\/669\/revisions"}],"predecessor-version":[{"id":13405,"href":"https:\/\/inmobres.es\/en\/wp-json\/wp\/v2\/pages\/669\/revisions\/13405"}],"wp:attachment":[{"href":"https:\/\/inmobres.es\/en\/wp-json\/wp\/v2\/media?parent=669"}],"curies":[{"name":"wp","href":"https:\/\/api.w.org\/{rel}","templated":true}]}}