{"id":6619,"date":"2022-11-23T12:03:54","date_gmt":"2022-11-23T11:03:54","guid":{"rendered":"https:\/\/inmobres.es\/?page_id=6619"},"modified":"2022-11-23T18:30:36","modified_gmt":"2022-11-23T17:30:36","slug":"suscribirse-al-newsletter-de-inmobres","status":"publish","type":"page","link":"https:\/\/inmobres.es\/en\/suscribirse-al-newsletter-de-inmobres\/","title":{"rendered":"Suscribirse al Newsletter de Inmobres"},"content":{"rendered":"<p>[et_pb_section fb_built=&#8221;1&#8243; _builder_version=&#8221;4.19.1&#8243; _module_preset=&#8221;default&#8221; hover_enabled=&#8221;0&#8243; global_colors_info=&#8221;{}&#8221; custom_padding=&#8221;30px||||false|false&#8221; sticky_enabled=&#8221;0&#8243;][et_pb_row module_class=&#8221;newsletterLanding&#8221; _builder_version=&#8221;4.19.1&#8243; _module_preset=&#8221;default&#8221; max_width=&#8221;900px&#8221; hover_enabled=&#8221;0&#8243; global_colors_info=&#8221;{}&#8221; custom_margin=&#8221;||||false|false&#8221; custom_padding=&#8221;0px||||false|false&#8221; sticky_enabled=&#8221;0&#8243;][et_pb_column type=&#8221;4_4&#8243; _builder_version=&#8221;4.19.1&#8243; _module_preset=&#8221;default&#8221; global_colors_info=&#8221;{}&#8221;][et_pb_code _builder_version=&#8221;4.19.1&#8243; _module_preset=&#8221;default&#8221; global_colors_info=&#8221;{}&#8221;]<div class=\"et_bloom_inline_form et_bloom_optin et_bloom_make_form_visible et_bloom_optin_5\" style=\"display: none;\">\n\t\t\t\t<style type=\"text\/css\">.et_bloom .et_bloom_optin_5 .et_bloom_form_content { background-color: #d9c5e2 !important; } .et_bloom .et_bloom_optin_5 .et_bloom_form_container .et_bloom_form_header { background-color: #ffffff !important; } .et_bloom .et_bloom_optin_5 .et_bloom_form_content button { background-color: #ffb200 !important; } .et_bloom .et_bloom_optin_5 .et_bloom_form_content .et_bloom_fields i { color: #ffb200 !important; } .et_bloom .et_bloom_optin_5 .et_bloom_form_content .et_bloom_custom_field_radio i:before { background: #ffb200 !important; } .et_bloom .et_bloom_optin_5 .et_bloom_form_content button { background-color: #ffb200 !important; } .et_bloom .et_bloom_optin_5 .et_bloom_form_container h2, .et_bloom .et_bloom_optin_5 .et_bloom_form_container h2 span, .et_bloom .et_bloom_optin_5 .et_bloom_form_container h2 strong { font-family: \"Trebuchet\", Helvetica, Arial, Lucida, sans-serif; }.et_bloom .et_bloom_optin_5 .et_bloom_form_container p, .et_bloom .et_bloom_optin_5 .et_bloom_form_container p span, .et_bloom .et_bloom_optin_5 .et_bloom_form_container p strong, .et_bloom .et_bloom_optin_5 .et_bloom_form_container form input, .et_bloom .et_bloom_optin_5 .et_bloom_form_container form button span { font-family: \"Trebuchet\", Helvetica, Arial, Lucida, sans-serif; } <\/style>\n\t\t\t\t<div class=\"et_bloom_form_container  et_bloom_rounded et_bloom_form_text_dark et_bloom_form_bottom et_bloom_inline_2_fields\">\n\t\t\t\t\t\n\t\t\t<div class=\"et_bloom_form_container_wrapper clearfix et_bloom_with_custom_fields\">\n\t\t\t\t<div class=\"et_bloom_header_outer\">\n\t\t\t\t\t<div class=\"et_bloom_form_header et_bloom_header_text_light\">\n\t\t\t\t\t\t\n\t\t\t\t\t\t<div class=\"et_bloom_form_text\">\n\t\t\t\t\t\t<h2 style=\"text-align: center;\"><span style=\"color: #000000;\">Recibe las novedades de Inmobres<\/span><\/h2><p style=\"text-align: center;\"><span style=\"color: #000000;\">\u00danete a nuestro newsletter y recibir\u00e1s en tu correo nuestras novedades, ofertas VIP y eventos.<\/span><\/p>\n\t\t\t\t\t<\/div>\n\t\t\t\t\t\t<img decoding=\"async\" width=\"610\" height=\"343\" src=\"https:\/\/inmobres.es\/wp-content\/uploads\/2022\/11\/Foto-team-Inmobres-1-610x343.jpg\" class=\" et_bloom_image_slideup et_bloom_image\" alt=\"Equipo de Inmobres Bono Property Services, Inmobiliaria Calpe.\" title=\"\">\n\t\t\t\t\t<\/div>\n\t\t\t\t<\/div>\n\t\t\t\t<div class=\"et_bloom_form_content et_bloom_2_fields et_bloom_bottom_inline\">\n\t\t\t\t\t\n\t\t\t\t\t\n\t\t\t\t\t<form method=\"post\" class=\"clearfix\">\n\t\t\t\t\t\t<div class=\"et_bloom_fields\">\n\t\t\t\t\t\t\t<p class=\"et_bloom_popup_input et_bloom_subscribe_name et_bloom_fullwidth_field\">\n\t\t\t\t\t\t\t\t<input placeholder=\"Nombre\" maxlength=\"50\">\n\t\t\t\t\t\t\t<\/p>\n\t\t\t\t\t\t\t<p class=\"et_bloom_popup_input et_bloom_subscribe_email et_bloom_fullwidth_field\">\n\t\t\t\t\t\t\t\t<input placeholder=\"Correo Electr\u00f3nico\">\n\t\t\t\t\t\t\t<\/p>\n\t\t\t\t\t\t\t<p class=\"et_bloom_custom_field et_bloom_fullwidth_field\"><span class=\"et_bloom_custom_field_options_wrapper\" id=\"et_bloom_custom_field_optin_5_9d9075dc8b\" data-field_type=\"radio\" data-id=\"9d9075dc8b\">\n\t\t\t\t\t\t\t<span class=\"et_bloom_custom_field_options_title\">Protecci\u00f3n de Datos:<\/span>\n\t\t\t\t\t\t\t<span class=\"et_bloom_custom_field_options_list\"><span class=\"et_bloom_custom_field_radio\">\n\t\t\t\t\t\t\t\t<input id=\"et_bloom_custom_field_optin_5_9d9075dc8b_5469b644f0\" type=\"radio\" name=\"et_bloom_custom_field_optin_5_9d9075dc8b\" value=\"Acepto la Pol\u00edtica de Privacidad\" data-id=\"5469b644f0\" data-required_mark=\"required\"\/>\n\t\t\t\t\t\t\t\t<label for=\"et_bloom_custom_field_optin_5_9d9075dc8b_5469b644f0\"><i><\/i>Acepto la Pol\u00edtica de Privacidad <a href=\"https:\/\/inmobres.es\/politica-de-privacidad\/\"> (Leer Pol\u00edtica)<\/a><\/label>\n\t\t\t\t\t\t\t<\/span><\/span>\n\t\t\t\t\t\t<\/span><\/p>\n\t\t\t\t\t\t\t<button data-optin_id=\"optin_5\" data-service=\"mailchimp\" data-list_id=\"be18ad49af\" data-page_id=\"6619\" data-account=\"Inmobres\" data-ip_address=\"false\" class=\"et_bloom_submit_subscription\">\n\t\t\t\t\t\t\t\t<span class=\"et_bloom_subscribe_loader\"><\/span>\n\t\t\t\t\t\t\t\t<span class=\"et_bloom_button_text et_bloom_button_text_color_light\">\u00a1Suscribirse!<\/span>\n\t\t\t\t\t\t\t<\/button>\n\t\t\t\t\t\t<\/div>\n\t\t\t\t\t<\/form>\n\t\t\t\t\t<div class=\"et_bloom_success_container\">\n\t\t\t\t\t\t<span class=\"et_bloom_success_checkmark\"><\/span>\n\t\t\t\t\t<\/div>\n\t\t\t\t\t<h2 class=\"et_bloom_success_message\">S\u00f3lo queda un paso. Te hemos enviado un email de verificaci\u00f3n.<\/h2>\n\t\t\t\t\t<div class=\"et_bloom_form_footer\"><p><span style=\"color: #000000;\">Tus datos est\u00e1n protegidos en Inmobres porque cumplimos con el RGPD:<\/span><\/p>\r\n<ul>\r\n<li><span style=\"color: #000000;\">Responsable de los datos: Inmobres (Bono Property Services SL).<\/span><\/li>\r\n<li><span style=\"color: #000000;\">Finalidad: env\u00edo de novedades y promociones a trav\u00e9s de correo electr\u00f3nico.<\/span><\/li>\r\n<li><span style=\"color: #000000;\">Almacenamiento de los datos: Base de Datos alojada en mailchimp.com<\/span><\/li>\r\n<li><span style=\"color: #000000;\">Derechos: En cualquier momento puede modificar, recuperar o eliminar dicha informaci\u00f3n.<\/span><\/li>\r\n<\/ul><\/div>\n\t\t\t\t<\/div>\n\t\t\t<\/div>\n\t\t\t<span class=\"et_bloom_close_button\"><\/span>\n\t\t\t\t<\/div>\n\t\t\t<\/div>[\/et_pb_code][\/et_pb_column][\/et_pb_row][\/et_pb_section]<\/p>\n","protected":false},"excerpt":{"rendered":"<p>Suscr\u00edbete a nuestro Newsletter y recibe en tu correo las novedades, promociones y ofertas de Inmobres.<\/p>\n","protected":false},"author":6,"featured_media":6409,"parent":0,"menu_order":0,"comment_status":"closed","ping_status":"closed","template":"","meta":{"_et_pb_use_builder":"on","_et_pb_old_content":"","_et_gb_content_width":"","_themeisle_gutenberg_block_has_review":false,"footnotes":""},"class_list":["post-6619","page","type-page","status-publish","has-post-thumbnail","hentry"],"_links":{"self":[{"href":"https:\/\/inmobres.es\/en\/wp-json\/wp\/v2\/pages\/6619","targetHints":{"allow":["GET"]}}],"collection":[{"href":"https:\/\/inmobres.es\/en\/wp-json\/wp\/v2\/pages"}],"about":[{"href":"https:\/\/inmobres.es\/en\/wp-json\/wp\/v2\/types\/page"}],"author":[{"embeddable":true,"href":"https:\/\/inmobres.es\/en\/wp-json\/wp\/v2\/users\/6"}],"replies":[{"embeddable":true,"href":"https:\/\/inmobres.es\/en\/wp-json\/wp\/v2\/comments?post=6619"}],"version-history":[{"count":6,"href":"https:\/\/inmobres.es\/en\/wp-json\/wp\/v2\/pages\/6619\/revisions"}],"predecessor-version":[{"id":6652,"href":"https:\/\/inmobres.es\/en\/wp-json\/wp\/v2\/pages\/6619\/revisions\/6652"}],"wp:featuredmedia":[{"embeddable":true,"href":"https:\/\/inmobres.es\/en\/wp-json\/wp\/v2\/media\/6409"}],"wp:attachment":[{"href":"https:\/\/inmobres.es\/en\/wp-json\/wp\/v2\/media?parent=6619"}],"curies":[{"name":"wp","href":"https:\/\/api.w.org\/{rel}","templated":true}]}}