{"id":323,"date":"2018-04-12T12:09:46","date_gmt":"2018-04-12T12:09:46","guid":{"rendered":"https:\/\/inmobres.es\/?page_id=323"},"modified":"2024-03-13T16:46:47","modified_gmt":"2024-03-13T15:46:47","slug":"contacto","status":"publish","type":"page","link":"https:\/\/inmobres.es\/de\/contacto\/","title":{"rendered":"Contacto"},"content":{"rendered":"<p>[et_pb_section fb_built=&#8220;1&#8243; fullwidth=&#8220;on&#8220; admin_label=&#8220;Hero Section&#8220; _builder_version=&#8220;4.19.0&#8243; background_color=&#8220;rgba(255,255,255,0.7)&#8220; custom_margin=&#8220;||||false|false&#8220; animation_style=&#8220;zoom&#8220; animation_direction=&#8220;bottom&#8220; animation_intensity_zoom=&#8220;4%&#8220; global_colors_info=&#8220;{}&#8220;][et_pb_fullwidth_header title=&#8220;Contactar con Inmobres&#8220; text_orientation=&#8220;center&#8220; background_overlay_color=&#8220;rgba(255,255,255,0.44)&#8220; title_font_color=&#8220;#444235&#8243; subhead_font_color=&#8220;#444235&#8243; admin_label=&#8220;Hero&#8220; _builder_version=&#8220;4.19.0&#8243; title_font=&#8220;Abyssinica SIL||||||||&#8220; title_text_color=&#8220;#000000&#8243; title_font_size=&#8220;45px&#8220; title_line_height=&#8220;1.3em&#8220; subhead_font=&#8220;Open Sans|||on|&#8220; subhead_text_color=&#8220;#444235&#8243; subhead_font_size=&#8220;20px&#8220; subhead_letter_spacing=&#8220;8px&#8220; subhead_line_height=&#8220;2em&#8220; background_color=&#8220;rgba(255, 255, 255, 0)&#8220; background_image=&#8220;https:\/\/inmobres.es\/wp-content\/uploads\/2018\/03\/inmobres-buscarInmueble.jpg&#8220; parallax=&#8220;on&#8220; parallax_method=&#8220;on&#8220; custom_button_one=&#8220;on&#8220; button_one_text_size=&#8220;16px&#8220; button_one_text_color=&#8220;#ffffff&#8220; button_one_bg_color=&#8220;#d1af83&#8243; button_one_border_width=&#8220;10px&#8220; button_one_border_color=&#8220;#d1af83&#8243; button_one_border_radius=&#8220;0px&#8220; button_one_letter_spacing=&#8220;6px&#8220; button_one_font=&#8220;Open Sans||||&#8220; button_one_icon=&#8220;&#x24;||divi||400&#8243; button_one_icon_color=&#8220;#ffffff&#8220; button_one_on_hover=&#8220;off&#8220; background_layout=&#8220;light&#8220; custom_margin=&#8220;||||false|false&#8220; custom_padding=&#8220;150px||200px||false|false&#8220; animation_style=&#8220;fade&#8220; title_font_size_tablet=&#8220;&#8220; title_font_size_phone=&#8220;50px&#8220; title_font_size_last_edited=&#8220;on|desktop&#8220; custom_css_header_container=&#8220;margin-top: -50px;&#8220; button_one_letter_spacing_hover=&#8220;10px&#8220; saved_tabs=&#8220;all&#8220; global_colors_info=&#8220;{}&#8220; button_one_text_size__hover_enabled=&#8220;off&#8220; button_two_text_size__hover_enabled=&#8220;off&#8220; button_one_text_color__hover_enabled=&#8220;off&#8220; button_two_text_color__hover_enabled=&#8220;off&#8220; button_one_border_width__hover_enabled=&#8220;off&#8220; button_two_border_width__hover_enabled=&#8220;off&#8220; button_one_border_color__hover_enabled=&#8220;off&#8220; button_two_border_color__hover_enabled=&#8220;off&#8220; button_one_border_radius__hover_enabled=&#8220;off&#8220; button_two_border_radius__hover_enabled=&#8220;off&#8220; button_one_letter_spacing__hover_enabled=&#8220;on&#8220; button_one_letter_spacing__hover=&#8220;10px&#8220; button_two_letter_spacing__hover_enabled=&#8220;off&#8220; button_one_bg_color__hover_enabled=&#8220;off&#8220; button_two_bg_color__hover_enabled=&#8220;off&#8220;][\/et_pb_fullwidth_header][\/et_pb_section][et_pb_section fb_built=&#8220;1&#8243; next_background_color=&#8220;#ffffff&#8220; _builder_version=&#8220;4.24.2&#8243; _module_preset=&#8220;default&#8220; use_background_color_gradient=&#8220;on&#8220; background_color_gradient_stops=&#8220;rgba(43,135,218,0.09) 0%|rgba(41,196,169,0.09) 100%&#8220; custom_padding=&#8220;35px||90px|||&#8220; bottom_divider_style=&#8220;graph&#8220; bottom_divider_repeat=&#8220;1x&#8220; global_colors_info=&#8220;{}&#8220;][et_pb_row _builder_version=&#8220;4.24.2&#8243; _module_preset=&#8220;default&#8220; global_colors_info=&#8220;{}&#8220; custom_padding=&#8220;40px|||||&#8220;][et_pb_column type=&#8220;4_4&#8243; _builder_version=&#8220;4.24.2&#8243; _module_preset=&#8220;default&#8220; global_colors_info=&#8220;{}&#8220;][et_pb_text _builder_version=&#8220;4.24.2&#8243; _module_preset=&#8220;default&#8220; header_2_font=&#8220;Lora||||||||&#8220; header_2_text_align=&#8220;center&#8220; header_2_font_size=&#8220;34px&#8220; global_colors_info=&#8220;{}&#8220;]<\/p>\n<h2>Ven a vernos a nuestra oficina<\/h2>\n<p>[\/et_pb_text][et_pb_code _builder_version=&#8220;4.24.2&#8243; _module_preset=&#8220;default&#8220; text_orientation=&#8220;center&#8220; global_colors_info=&#8220;{}&#8220;]<iframe src=\"https:\/\/www.google.com\/maps\/embed?pb=!4v1710343977571!6m8!1m7!1sp0vntPYhRrWQIoX3uz4s5A!2m2!1d38.64355281661284!2d0.05082157912252481!3f321.3628268250557!4f-5.145418860653251!5f0.7820865974627469\" width=\"1200\" height=\"450\" style=\"border:0;\" allowfullscreen=\"\" loading=\"lazy\" referrerpolicy=\"no-referrer-when-downgrade\"><\/iframe>[\/et_pb_code][\/et_pb_column][\/et_pb_row][\/et_pb_section][et_pb_section fb_built=&#8220;1&#8243; admin_label=&#8220;Contact Form Section&#8220; module_id=&#8220;contactRSS&#8220; _builder_version=&#8220;4.16&#8243; custom_padding=&#8220;50px||50px||true|false&#8220; global_colors_info=&#8220;{}&#8220;][et_pb_row column_structure=&#8220;1_2,1_2&#8243; _builder_version=&#8220;4.16&#8243; background_size=&#8220;initial&#8220; background_position=&#8220;top_left&#8220; background_repeat=&#8220;repeat&#8220; custom_margin=&#8220;||120px|&#8220; custom_padding=&#8220;0px|0px|0|0px|false|false&#8220; custom_width_px=&#8220;800px&#8220; global_colors_info=&#8220;{}&#8220;][et_pb_column type=&#8220;1_2&#8243; _builder_version=&#8220;4.16&#8243; custom_padding=&#8220;|||&#8220; global_colors_info=&#8220;{}&#8220; custom_padding__hover=&#8220;|||&#8220;][et_pb_blurb title=&#8220;Tel\u00e9fono&#8220; use_icon=&#8220;on&#8220; font_icon=&#8220;&#xe00b;||divi||400&#8243; _builder_version=&#8220;4.19.0&#8243; text_orientation=&#8220;center&#8220; custom_margin=&#8220;70px||||false&#8220; custom_margin_tablet=&#8220;0px|||&#8220; custom_margin_phone=&#8220;&#8220; custom_margin_last_edited=&#8220;on|desktop&#8220; global_colors_info=&#8220;{}&#8220;]<\/p>\n<p style=\"text-align: center;\"><a href=\"tel:+34656633190\">(+34) 656 63 31 90<\/a><\/p>\n<p>[\/et_pb_blurb][et_pb_blurb title=&#8220;Correo Electr\u00f3nico&#8220; use_icon=&#8220;on&#8220; font_icon=&#8220;&#xe010;||divi||400&#8243; _builder_version=&#8220;4.16&#8243; text_orientation=&#8220;center&#8220; global_colors_info=&#8220;{}&#8220;]<\/p>\n<p style=\"text-align: center;\"><a href=\"mailto:info@inmobres.com\">info@inmobres.com<\/a><\/p>\n<p>[\/et_pb_blurb][\/et_pb_column][et_pb_column type=&#8220;1_2&#8243; _builder_version=&#8220;4.16&#8243; custom_padding=&#8220;|||&#8220; global_colors_info=&#8220;{}&#8220; custom_padding__hover=&#8220;|||&#8220;][et_pb_text _builder_version=&#8220;4.16&#8243; global_colors_info=&#8220;{}&#8220;]<\/p>\n<h2 style=\"text-align: center;\">Enviar Formulario<\/h2>\n<p>[\/et_pb_text][et_pb_contact_form use_spam_service=&#8220;on&#8220; recaptcha_list=&#8220;Inmobres Blog-0&#8243; email=&#8220;info@inmobres.es&#8220; custom_message=&#8220;Nuevo contacto desde el Blog de Inmobres||et_pb_line_break_holder||||et_pb_line_break_holder||Nombre: %%Name%%||et_pb_line_break_holder||Email: %%Email%%||et_pb_line_break_holder||||et_pb_line_break_holder||Mensaje:||et_pb_line_break_holder||%%Message%%||et_pb_line_break_holder||||et_pb_line_break_holder||RGPD: Acepto la pol\u00edtica de privacidad.||et_pb_line_break_holder||||et_pb_line_break_holder||Newsletter: Acepto la Protecci\u00f3n de Datos.&#8220; success_message=&#8220;Gracias por su mensaje. Responderemos lo antes posible.&#8220; module_id=&#8220;formularioContacto&#8220; _builder_version=&#8220;4.22.2&#8243; _unique_id=&#8220;ce6712eb-6e71-4dc6-a185-c0b5fca93c4d&#8220; global_colors_info=&#8220;{}&#8220;][et_pb_contact_field field_id=&#8220;Name&#8220; field_title=&#8220;Nombre&#8220; _builder_version=&#8220;4.19.0&#8243; form_field_text_color=&#8220;#000000&#8243; form_field_focus_background_color=&#8220;#e5e5e5&#8243; form_field_focus_text_color=&#8220;#000000&#8243; global_colors_info=&#8220;{}&#8220; button_text_size__hover_enabled=&#8220;off&#8220; button_one_text_size__hover_enabled=&#8220;off&#8220; button_two_text_size__hover_enabled=&#8220;off&#8220; button_text_color__hover_enabled=&#8220;off&#8220; button_one_text_color__hover_enabled=&#8220;off&#8220; button_two_text_color__hover_enabled=&#8220;off&#8220; button_border_width__hover_enabled=&#8220;off&#8220; button_one_border_width__hover_enabled=&#8220;off&#8220; button_two_border_width__hover_enabled=&#8220;off&#8220; button_border_color__hover_enabled=&#8220;off&#8220; button_one_border_color__hover_enabled=&#8220;off&#8220; button_two_border_color__hover_enabled=&#8220;off&#8220; button_border_radius__hover_enabled=&#8220;off&#8220; button_one_border_radius__hover_enabled=&#8220;off&#8220; button_two_border_radius__hover_enabled=&#8220;off&#8220; button_letter_spacing__hover_enabled=&#8220;off&#8220; button_one_letter_spacing__hover_enabled=&#8220;off&#8220; button_two_letter_spacing__hover_enabled=&#8220;off&#8220; button_bg_color__hover_enabled=&#8220;off&#8220; button_one_bg_color__hover_enabled=&#8220;off&#8220; button_two_bg_color__hover_enabled=&#8220;off&#8220; form_field_text_color__hover_enabled=&#8220;off|desktop&#8220;][\/et_pb_contact_field][et_pb_contact_field field_id=&#8220;Email&#8220; field_title=&#8220;Direcci\u00f3n de correo electr\u00f3nico&#8220; field_type=&#8220;email&#8220; _builder_version=&#8220;4.19.0&#8243; form_field_text_color=&#8220;#000000&#8243; form_field_focus_background_color=&#8220;#e5e5e5&#8243; form_field_focus_text_color=&#8220;#000000&#8243; global_colors_info=&#8220;{}&#8220; button_text_size__hover_enabled=&#8220;off&#8220; button_one_text_size__hover_enabled=&#8220;off&#8220; button_two_text_size__hover_enabled=&#8220;off&#8220; button_text_color__hover_enabled=&#8220;off&#8220; button_one_text_color__hover_enabled=&#8220;off&#8220; button_two_text_color__hover_enabled=&#8220;off&#8220; button_border_width__hover_enabled=&#8220;off&#8220; button_one_border_width__hover_enabled=&#8220;off&#8220; button_two_border_width__hover_enabled=&#8220;off&#8220; button_border_color__hover_enabled=&#8220;off&#8220; button_one_border_color__hover_enabled=&#8220;off&#8220; button_two_border_color__hover_enabled=&#8220;off&#8220; button_border_radius__hover_enabled=&#8220;off&#8220; button_one_border_radius__hover_enabled=&#8220;off&#8220; button_two_border_radius__hover_enabled=&#8220;off&#8220; button_letter_spacing__hover_enabled=&#8220;off&#8220; button_one_letter_spacing__hover_enabled=&#8220;off&#8220; button_two_letter_spacing__hover_enabled=&#8220;off&#8220; button_bg_color__hover_enabled=&#8220;off&#8220; button_one_bg_color__hover_enabled=&#8220;off&#8220; button_two_bg_color__hover_enabled=&#8220;off&#8220;][\/et_pb_contact_field][et_pb_contact_field field_id=&#8220;Message&#8220; field_title=&#8220;Mensaje&#8220; field_type=&#8220;text&#8220; fullwidth_field=&#8220;on&#8220; _builder_version=&#8220;4.19.0&#8243; form_field_text_color=&#8220;#000000&#8243; form_field_focus_background_color=&#8220;#e5e5e5&#8243; form_field_focus_text_color=&#8220;#000000&#8243; global_colors_info=&#8220;{}&#8220; button_text_size__hover_enabled=&#8220;off&#8220; button_one_text_size__hover_enabled=&#8220;off&#8220; button_two_text_size__hover_enabled=&#8220;off&#8220; button_text_color__hover_enabled=&#8220;off&#8220; button_one_text_color__hover_enabled=&#8220;off&#8220; button_two_text_color__hover_enabled=&#8220;off&#8220; button_border_width__hover_enabled=&#8220;off&#8220; button_one_border_width__hover_enabled=&#8220;off&#8220; button_two_border_width__hover_enabled=&#8220;off&#8220; button_border_color__hover_enabled=&#8220;off&#8220; button_one_border_color__hover_enabled=&#8220;off&#8220; button_two_border_color__hover_enabled=&#8220;off&#8220; button_border_radius__hover_enabled=&#8220;off&#8220; button_one_border_radius__hover_enabled=&#8220;off&#8220; button_two_border_radius__hover_enabled=&#8220;off&#8220; button_letter_spacing__hover_enabled=&#8220;off&#8220; button_one_letter_spacing__hover_enabled=&#8220;off&#8220; button_two_letter_spacing__hover_enabled=&#8220;off&#8220; button_bg_color__hover_enabled=&#8220;off&#8220; button_one_bg_color__hover_enabled=&#8220;off&#8220; button_two_bg_color__hover_enabled=&#8220;off&#8220;][\/et_pb_contact_field][et_pb_contact_field field_id=&#8220;Privacidad&#8220; field_title=&#8220;Pol\u00edtica de Privacidad&#8220; field_type=&#8220;checkbox&#8220; checkbox_options=&#8220;%91{%22value%22:%22Acepto la %22,%22checked%22:0,%22dragID%22:-1,%22link_url%22:%22https:\/\/inmobres.es\/politica-de-privacidad\/%22,%22link_text%22:%22Pol\u00edtica de Privacidad%22}%93&#8243; fullwidth_field=&#8220;on&#8220; _builder_version=&#8220;4.19.0&#8243; global_colors_info=&#8220;{}&#8220;][\/et_pb_contact_field][et_pb_contact_field field_id=&#8220;Newsletter&#8220; field_title=&#8220;Newsletter&#8220; field_type=&#8220;checkbox&#8220; checkbox_options=&#8220;%91{%22value%22:%22Quiero recibir las novedades de Inmobres.%22,%22checked%22:0,%22dragID%22:-1,%22link_url%22:%22%22,%22link_text%22:%22%22}%93&#8243; required_mark=&#8220;off&#8220; fullwidth_field=&#8220;on&#8220; _builder_version=&#8220;4.19.0&#8243; global_colors_info=&#8220;{}&#8220;][\/et_pb_contact_field][\/et_pb_contact_form][et_pb_toggle title=&#8220;Tus datos est\u00e1n protegidos en Inmobres porque cumplimos con el Reglamento General de Protecci\u00f3n de Datos. Saber m\u00e1s:&#8220; _builder_version=&#8220;4.16&#8243; global_colors_info=&#8220;{}&#8220;]<\/p>\n<ol>\n<li><strong>Responsable de los datos:<\/strong> Inmobres<\/li>\n<li><strong>Finalidad:<\/strong> Responder a la solicitud de informaci\u00f3n.<\/li>\n<li><strong>Almacenamiento de los datos (solo si se suscribe al Bolet\u00edn de Noticias):<\/strong> Base de Datos alojada en mailchimp.com<\/li>\n<li><strong>Derechos:<\/strong> En cualquier momento puede modificar, recuperar o eliminar dicha informaci\u00f3n.<\/li>\n<\/ol>\n<p>[\/et_pb_toggle][\/et_pb_column][\/et_pb_row][\/et_pb_section][et_pb_section fb_built=&#8220;1&#8243; fullwidth=&#8220;on&#8220; _builder_version=&#8220;4.16&#8243; custom_margin=&#8220;-40px|||&#8220; custom_padding=&#8220;40px|0px|0px|0px|false|false&#8220; global_colors_info=&#8220;{}&#8220;][et_pb_fullwidth_map address=&#8220;Partida Salamanca G1, 03710 Calp, Alicante, Espa\u00f1a&#8220; zoom_level=&#8220;13&#8243; address_lat=&#8220;38.659510577393&#8243; address_lng=&#8220;0.053015739395175&#8243; mouse_wheel=&#8220;off&#8220; _builder_version=&#8220;4.19.4&#8243; global_colors_info=&#8220;{}&#8220;][et_pb_map_pin title=&#8220;Inmobres&#8220; pin_address=&#8220;Partida Salamanca G1, 03710 Calp, Alicante, Espa\u00f1a&#8220; pin_address_lat=&#8220;38.672093&#8243; pin_address_lng=&#8220;0.056052000000022&#8243; _builder_version=&#8220;4.19.4&#8243; global_colors_info=&#8220;{}&#8220;]<\/p>\n<p>Partida Salamanca G1<br \/>03710 Calpe (Alicante)<\/p>\n<p>Tel\u00e9fono: <a href=\"tel:+34656633190\">656 633 190<\/a><\/p>\n<p>Correo Electr\u00f3nico: <a href=\"mailto:info@inmobres.com\">info@inmobres.com<\/a><\/p>\n<p><a href=\"https:\/\/goo.gl\/maps\/4aE9RpY78DmUPxsJ7\" target=\"_blank\" rel=\"noopener noreferrer\">Ver mapa en Google<\/a><\/p>\n<p>[\/et_pb_map_pin][et_pb_map_pin title=&#8220;Inmobres&#8220; pin_address=&#8220;Carrer la Santamar\u00eda, 11, Local 13, 03710 Calpe, Alicante, Espa\u00f1a&#8220; pin_address_lat=&#8220;38.6436331&#8243; pin_address_lng=&#8220;0.050785&#8243; _builder_version=&#8220;4.19.4&#8243; global_colors_info=&#8220;{}&#8220;]<\/p>\n<p>Calle la Santa Mar\u00eda 11 (Local 13)<br \/>03710 Calpe (Alicante)<\/p>\n<p>Tel\u00e9fono: <a href=\"tel:+34656633190\">656 633 190<\/a><\/p>\n<p>Correo Electr\u00f3nico: <a href=\"mailto:info@inmobres.com\">info@inmobres.com<\/a><\/p>\n<p><a href=\"https:\/\/www.google.es\/maps\/place\/INMOBRES\/@38.6720972,0.0538633,17z\/data=!3m1!4b1!4m5!3m4!1s0x129e00bfd868bbff:0xf933f00a37690463!8m2!3d38.672093!4d0.056052\" target=\"_blank\" rel=\"noopener noreferrer\">Ver mapa en Google<\/a><\/p>\n<p>[\/et_pb_map_pin][\/et_pb_fullwidth_map][\/et_pb_section]<\/p>\n","protected":false},"excerpt":{"rendered":"<p>Ven a vernos a nuestra oficina(+34) 656 63 31 90info@inmobres.com Enviar Formulario Responsable de los datos: Inmobres Finalidad: Responder a la solicitud de informaci\u00f3n. Almacenamiento de los datos (solo si se suscribe al Bolet\u00edn de Noticias): Base de Datos alojada en mailchimp.com Derechos: En cualquier momento puede modificar, recuperar o eliminar dicha informaci\u00f3n. Partida Salamanca [&hellip;]<\/p>\n","protected":false},"author":3,"featured_media":0,"parent":0,"menu_order":0,"comment_status":"closed","ping_status":"closed","template":"","meta":{"_et_pb_use_builder":"on","_et_pb_old_content":"","_et_gb_content_width":"","_themeisle_gutenberg_block_has_review":false,"footnotes":""},"class_list":["post-323","page","type-page","status-publish","hentry"],"_links":{"self":[{"href":"https:\/\/inmobres.es\/de\/wp-json\/wp\/v2\/pages\/323","targetHints":{"allow":["GET"]}}],"collection":[{"href":"https:\/\/inmobres.es\/de\/wp-json\/wp\/v2\/pages"}],"about":[{"href":"https:\/\/inmobres.es\/de\/wp-json\/wp\/v2\/types\/page"}],"author":[{"embeddable":true,"href":"https:\/\/inmobres.es\/de\/wp-json\/wp\/v2\/users\/3"}],"replies":[{"embeddable":true,"href":"https:\/\/inmobres.es\/de\/wp-json\/wp\/v2\/comments?post=323"}],"version-history":[{"count":15,"href":"https:\/\/inmobres.es\/de\/wp-json\/wp\/v2\/pages\/323\/revisions"}],"predecessor-version":[{"id":13577,"href":"https:\/\/inmobres.es\/de\/wp-json\/wp\/v2\/pages\/323\/revisions\/13577"}],"wp:attachment":[{"href":"https:\/\/inmobres.es\/de\/wp-json\/wp\/v2\/media?parent=323"}],"curies":[{"name":"wp","href":"https:\/\/api.w.org\/{rel}","templated":true}]}}