{"id":12227,"date":"2023-08-25T18:16:43","date_gmt":"2023-08-25T16:16:43","guid":{"rendered":"https:\/\/inmobres.es\/?page_id=12227"},"modified":"2023-09-14T18:28:07","modified_gmt":"2023-09-14T16:28:07","slug":"tu-buscador-de-propiedades-profesional-en-la-costa-blanca","status":"publish","type":"page","link":"https:\/\/inmobres.es\/de\/tu-buscador-de-propiedades-profesional-en-la-costa-blanca\/","title":{"rendered":"Inmobres: Tu Buscador de Propiedades Profesional en la Costa Blanca"},"content":{"rendered":"<p>[et_pb_section fb_built=&#8220;1&#8243; custom_padding_last_edited=&#8220;on|tablet&#8220; _builder_version=&#8220;4.22.1&#8243; _module_preset=&#8220;default&#8220; custom_margin=&#8220;0px||0px||false|false&#8220; custom_margin_tablet=&#8220;0px||0px||false|false&#8220; custom_margin_phone=&#8220;0px||0px||false|false&#8220; custom_margin_last_edited=&#8220;on|desktop&#8220; custom_padding=&#8220;0px||0px||false|false&#8220; custom_padding_tablet=&#8220;0px||0px||false|false&#8220; custom_padding_phone=&#8220;0px||0px||false|false&#8220; global_colors_info=&#8220;{}&#8220;][et_pb_row custom_padding_last_edited=&#8220;on|phone&#8220; _builder_version=&#8220;4.22.1&#8243; _module_preset=&#8220;default&#8220; background_video_mp4=&#8220;https:\/\/inmobres.es\/wp-content\/uploads\/2023\/09\/bucle-inmobres-vistas.mp4&#8243; allow_player_pause=&#8220;on&#8220; width=&#8220;100%&#8220; max_width=&#8220;100%&#8220; custom_padding=&#8220;6vw||10vw||false|false&#8220; custom_padding_tablet=&#8220;6vw||8vw||false|false&#8220; custom_padding_phone=&#8220;4vw||60vw||false|false&#8220; global_colors_info=&#8220;{}&#8220;][et_pb_column type=&#8220;4_4&#8243; _builder_version=&#8220;4.22.1&#8243; _module_preset=&#8220;default&#8220; global_colors_info=&#8220;{}&#8220;][et_pb_text _builder_version=&#8220;4.22.1&#8243; _dynamic_attributes=&#8220;content&#8220; _module_preset=&#8220;default&#8220; header_font=&#8220;Italianno||||||||&#8220; header_text_align=&#8220;center&#8220; header_font_size=&#8220;70px&#8220; width=&#8220;80%&#8220; width_tablet=&#8220;80%&#8220; width_phone=&#8220;85%&#8220; width_last_edited=&#8220;on|phone&#8220; max_width=&#8220;1200px&#8220; module_alignment=&#8220;center&#8220; custom_margin=&#8220;||40px|||&#8220; custom_margin_tablet=&#8220;||0px||false|false&#8220; custom_margin_phone=&#8220;||0px||false|false&#8220; custom_margin_last_edited=&#8220;on|tablet&#8220; header_font_size_tablet=&#8220;60px&#8220; header_font_size_phone=&#8220;40px&#8220; header_font_size_last_edited=&#8220;on|desktop&#8220; global_colors_info=&#8220;{}&#8220;]@ET-DC@eyJkeW5hbWljIjp0cnVlLCJjb250ZW50IjoicG9zdF90aXRsZSIsInNldHRpbmdzIjp7ImJlZm9yZSI6IjxoMT4iLCJhZnRlciI6IjwvaDE+In19@[\/et_pb_text][et_pb_button button_url=&#8220;#segundaSeccion&#8220; button_text=&#8220; &#8220; button_alignment=&#8220;center&#8220; _builder_version=&#8220;4.22.1&#8243; _module_preset=&#8220;default&#8220; custom_button=&#8220;on&#8220; button_text_size=&#8220;80px&#8220; button_text_color=&#8220;#FFFFFF&#8220; button_border_width=&#8220;0px&#8220; button_icon=&#8220;&#xe03a;||divi||400&#8243; button_on_hover=&#8220;off&#8220; position_origin_a=&#8220;bottom_center&#8220; custom_margin=&#8220;4vw||||false|false&#8220; custom_margin_tablet=&#8220;2vw||||false|false&#8220; custom_margin_phone=&#8220;2vw||||false|false&#8220; custom_margin_last_edited=&#8220;on|tablet&#8220; animation_direction=&#8220;top&#8220; button_text_size_tablet=&#8220;50px&#8220; button_text_size_phone=&#8220;50px&#8220; button_text_size_last_edited=&#8220;on|tablet&#8220; global_colors_info=&#8220;{}&#8220; button_bg_color__hover_enabled=&#8220;on|hover&#8220; button_border_color__hover_enabled=&#8220;on|hover&#8220; transform_styles__hover_enabled=&#8220;on|hover&#8220; transform_scale__hover_enabled=&#8220;on|hover&#8220; transform_translate__hover_enabled=&#8220;on|desktop&#8220; transform_rotate__hover_enabled=&#8220;on|desktop&#8220; transform_skew__hover_enabled=&#8220;on|desktop&#8220; transform_origin__hover_enabled=&#8220;on|desktop&#8220; transform_scale__hover=&#8220;105%|105%&#8220;][\/et_pb_button][\/et_pb_column][\/et_pb_row][\/et_pb_section][et_pb_section fb_built=&#8220;1&#8243; module_id=&#8220;segundaSeccion&#8220; _builder_version=&#8220;4.22.1&#8243; _module_preset=&#8220;default&#8220; custom_padding=&#8220;70px||||false|false&#8220; global_colors_info=&#8220;{}&#8220;][et_pb_row column_structure=&#8220;1_2,1_2&#8243; _builder_version=&#8220;4.22.1&#8243; _module_preset=&#8220;default&#8220; global_colors_info=&#8220;{}&#8220;][et_pb_column type=&#8220;1_2&#8243; _builder_version=&#8220;4.22.1&#8243; _module_preset=&#8220;default&#8220; global_colors_info=&#8220;{}&#8220;][et_pb_blurb title=&#8220;\u00bfTe gustar\u00eda comprar una casa en la Costa Blanca, una de las zonas m\u00e1s bonitas y demandadas de Espa\u00f1a?&#8220; use_icon=&#8220;on&#8220; font_icon=&#8220;&#xe074;||divi||400&#8243; icon_placement=&#8220;left&#8220; _builder_version=&#8220;4.22.1&#8243; _module_preset=&#8220;default&#8220; header_line_height=&#8220;1.1em&#8220; global_colors_info=&#8220;{}&#8220;][\/et_pb_blurb][et_pb_blurb title=&#8220;\u00bfTe gustar\u00eda disfrutar de su clima, sus playas, su gastronom\u00eda y su cultura?&#8220; use_icon=&#8220;on&#8220; font_icon=&#8220;&#xf5ca;||fa||900&#8243; icon_placement=&#8220;left&#8220; _builder_version=&#8220;4.22.1&#8243; _module_preset=&#8220;default&#8220; header_line_height=&#8220;1.1em&#8220; global_colors_info=&#8220;{}&#8220;][\/et_pb_blurb][et_pb_blurb title=&#8220;\u00bfTe gustar\u00eda encontrar la casa que se adapte a tu estilo de vida y a tu presupuesto?&#8220; use_icon=&#8220;on&#8220; font_icon=&#8220;&#xf689;||fa||900&#8243; icon_placement=&#8220;left&#8220; _builder_version=&#8220;4.22.1&#8243; _module_preset=&#8220;default&#8220; header_line_height=&#8220;1.1em&#8220; global_colors_info=&#8220;{}&#8220;][\/et_pb_blurb][\/et_pb_column][et_pb_column type=&#8220;1_2&#8243; _builder_version=&#8220;4.22.1&#8243; _module_preset=&#8220;default&#8220; global_colors_info=&#8220;{}&#8220;][et_pb_blurb use_icon=&#8220;on&#8220; font_icon=&#8220;&#xf00c;||fa||900&#8243; image_icon_width=&#8220;60px&#8220; _builder_version=&#8220;4.22.1&#8243; _module_preset=&#8220;default&#8220; header_line_height=&#8220;1.1em&#8220; global_colors_info=&#8220;{}&#8220;]<\/p>\n<p><span>Si has respondido <strong>s\u00ed<\/strong> a alguna de estas preguntas, quiz\u00e1s deber\u00edas plantearte contratar a un buscador de propiedades profesional.<\/span><\/p>\n<p>[\/et_pb_blurb][\/et_pb_column][\/et_pb_row][et_pb_row custom_padding_last_edited=&#8220;on|phone&#8220; _builder_version=&#8220;4.22.1&#8243; _module_preset=&#8220;default&#8220; custom_padding_tablet=&#8220;&#8220; custom_padding_phone=&#8220;||0px||false|false&#8220; global_colors_info=&#8220;{}&#8220;][et_pb_column type=&#8220;4_4&#8243; _builder_version=&#8220;4.22.1&#8243; _module_preset=&#8220;default&#8220; global_colors_info=&#8220;{}&#8220;][et_pb_text _builder_version=&#8220;4.22.1&#8243; _module_preset=&#8220;default&#8220; header_line_height_tablet=&#8220;&#8220; header_line_height_phone=&#8220;2em&#8220; header_line_height_last_edited=&#8220;on|phone&#8220; global_colors_info=&#8220;{}&#8220;]<\/p>\n<h2>\u00bfQu\u00e9 es un Buscador de Propiedades?<\/h2>\n<p><span>Los buscadores de propiedades son expertos en el mercado inmobiliario de la Costa Blanca que <strong>trabajan para el comprador<\/strong>.<\/span><\/p>\n<p><span>Su funci\u00f3n es <strong>encontrar la casa que se ajusta a tus necesidades<\/strong>, preferencias y presupuesto, y facilitarte todo el proceso de compra.<\/span><\/p>\n<p>[\/et_pb_text][et_pb_text _builder_version=&#8220;4.22.1&#8243; _module_preset=&#8220;default&#8220; custom_margin=&#8220;50px||||false|false&#8220; custom_margin_tablet=&#8220;50px||||false|false&#8220; custom_margin_phone=&#8220;||||false|false&#8220; custom_margin_last_edited=&#8220;on|phone&#8220; global_colors_info=&#8220;{}&#8220;]<\/p>\n<h2>Ventajas de contratar a un buscador de propiedades profesional<\/h2>\n<ul><\/ul>\n<p>[\/et_pb_text][\/et_pb_column][\/et_pb_row][et_pb_row column_structure=&#8220;1_2,1_2&#8243; _builder_version=&#8220;4.22.1&#8243; _module_preset=&#8220;default&#8220; custom_margin=&#8220;-4px|auto||auto||&#8220; custom_padding=&#8220;6px|||||&#8220; global_colors_info=&#8220;{}&#8220;][et_pb_column type=&#8220;1_2&#8243; _builder_version=&#8220;4.22.1&#8243; _module_preset=&#8220;default&#8220; global_colors_info=&#8220;{}&#8220;][et_pb_blurb use_icon=&#8220;on&#8220; font_icon=&#8220;&#xe0ef;||divi||400&#8243; icon_placement=&#8220;left&#8220; _builder_version=&#8220;4.22.1&#8243; _module_preset=&#8220;default&#8220; header_line_height=&#8220;1.1em&#8220; global_colors_info=&#8220;{}&#8220;]<\/p>\n<p><strong>Conocen el mercado de la Costa Blanca<\/strong> y tienen acceso a propiedades exclusivas que no se anuncian en los portales inmobiliarios. Esto te permite ahorrar tiempo y dinero en la b\u00fasqueda, y encontrar la casa que realmente quieres.<\/p>\n<p>[\/et_pb_blurb][et_pb_blurb use_icon=&#8220;on&#8220; font_icon=&#8220;&#xf4c4;||fa||900&#8243; icon_placement=&#8220;left&#8220; _builder_version=&#8220;4.22.1&#8243; _module_preset=&#8220;default&#8220; header_line_height=&#8220;1.1em&#8220; global_colors_info=&#8220;{}&#8220;]<\/p>\n<p>Te ahorran estr\u00e9s y complicaciones al encargarse de todo el papeleo, las gestiones y las negociaciones. Te asesoran sobre la valoraci\u00f3n, la legalidad y la financiaci\u00f3n de la propiedad, y <strong>te ayudan a conseguir las mejores condiciones posibles<\/strong>.<\/p>\n<p>[\/et_pb_blurb][\/et_pb_column][et_pb_column type=&#8220;1_2&#8243; _builder_version=&#8220;4.22.1&#8243; _module_preset=&#8220;default&#8220; global_colors_info=&#8220;{}&#8220;][et_pb_blurb use_icon=&#8220;on&#8220; font_icon=&#8220;&#xe068;||fa||900&#8243; icon_placement=&#8220;left&#8220; _builder_version=&#8220;4.22.1&#8243; _module_preset=&#8220;default&#8220; header_line_height=&#8220;1.1em&#8220; global_colors_info=&#8220;{}&#8220;]<\/p>\n<p><strong>Te ofrecen un servicio personalizado y a medida<\/strong>. Se adaptan a tus necesidades y preferencias, y te acompa\u00f1an en todo el proceso de compra. Te escuchan, te informan y te orientan en cada paso.<\/p>\n<p>[\/et_pb_blurb][et_pb_blurb use_icon=&#8220;on&#8220; font_icon=&#8220;&#xf24e;||fa||900&#8243; icon_placement=&#8220;left&#8220; _builder_version=&#8220;4.22.1&#8243; _module_preset=&#8220;default&#8220; header_line_height=&#8220;1.1em&#8220; global_colors_info=&#8220;{}&#8220;]<\/p>\n<p>Te dan soporte legal y financiero. Te ponen en contacto con abogados, notarios, bancos y otros profesionales que pueden facilitarte la compra. <strong>Te aseguran que todo se haga conforme a la ley y sin sorpresas.<\/strong><\/p>\n<p>[\/et_pb_blurb][\/et_pb_column][\/et_pb_row][et_pb_row _builder_version=&#8220;4.22.1&#8243; _module_preset=&#8220;default&#8220; custom_padding=&#8220;3px|||||&#8220; global_colors_info=&#8220;{}&#8220;][et_pb_column type=&#8220;4_4&#8243; _builder_version=&#8220;4.22.1&#8243; _module_preset=&#8220;default&#8220; global_colors_info=&#8220;{}&#8220;][et_pb_text _builder_version=&#8220;4.22.1&#8243; _module_preset=&#8220;default&#8220; custom_margin=&#8220;1px||-3px|||&#8220; custom_padding=&#8220;4px|||||&#8220; global_colors_info=&#8220;{}&#8220;]<\/p>\n<h2>Qu\u00e9 tener en cuenta al contratar a un buscador de propiedades profesional<\/h2>\n<p><span>No todos los buscadores de propiedades son iguales. Para elegir y contratar a un buen buscador de propiedades, debes tener en cuenta algunos aspectos:<\/span><\/p>\n<p>[\/et_pb_text][\/et_pb_column][\/et_pb_row][et_pb_row column_structure=&#8220;1_2,1_2&#8243; _builder_version=&#8220;4.22.1&#8243; _module_preset=&#8220;default&#8220; custom_margin=&#8220;-4px|auto||auto||&#8220; custom_padding=&#8220;6px|||||&#8220; global_colors_info=&#8220;{}&#8220;][et_pb_column type=&#8220;1_2&#8243; _builder_version=&#8220;4.22.1&#8243; _module_preset=&#8220;default&#8220; global_colors_info=&#8220;{}&#8220;][et_pb_blurb use_icon=&#8220;on&#8220; font_icon=&#8220;&#xf005;||fa||900&#8243; icon_placement=&#8220;left&#8220; _builder_version=&#8220;4.22.1&#8243; _module_preset=&#8220;default&#8220; header_line_height=&#8220;1.1em&#8220; global_colors_info=&#8220;{}&#8220;]<\/p>\n<p>Busca referencias, testimonios y experiencia. Investiga sobre la reputaci\u00f3n, la trayectoria y los resultados del buscador de propiedades que te interesa. Pide opiniones a otros clientes o <strong>consulta sus valoraciones en internet<\/strong>.<\/p>\n<p>[\/et_pb_blurb][et_pb_blurb use_icon=&#8220;on&#8220; font_icon=&#8220;&#xf2c1;||fa||400&#8243; icon_placement=&#8220;left&#8220; _builder_version=&#8220;4.22.1&#8243; _module_preset=&#8220;default&#8220; header_line_height=&#8220;1.1em&#8220; global_colors_info=&#8220;{}&#8220;]<\/p>\n<p>Comprueba su cualificaci\u00f3n y transparencia. <strong>Aseg\u00farate de que el buscador de propiedades tiene la formaci\u00f3n, la licencia y el seguro adecuados para ejercer su actividad.<\/strong> Pregunta por sus honorarios y servicios, y pide un contrato por escrito que detalle las condiciones del servicio.<\/p>\n<p>[\/et_pb_blurb][et_pb_blurb use_icon=&#8220;on&#8220; font_icon=&#8220;&#xf002;||fa||900&#8243; icon_placement=&#8220;left&#8220; _builder_version=&#8220;4.22.1&#8243; _module_preset=&#8220;default&#8220; header_line_height=&#8220;1.1em&#8220; global_colors_info=&#8220;{}&#8220;]<\/p>\n<p><strong>Define tus criterios de b\u00fasqueda y presupuesto.<\/strong> S\u00e9 claro y realista sobre lo que buscas y lo que puedes pagar. El buscador de propiedades te har\u00e1 una propuesta de b\u00fasqueda basada en tus criterios, y te enviar\u00e1 una selecci\u00f3n de propiedades que se ajustan a ellos.<\/p>\n<p>[\/et_pb_blurb][\/et_pb_column][et_pb_column type=&#8220;1_2&#8243; _builder_version=&#8220;4.22.1&#8243; _module_preset=&#8220;default&#8220; global_colors_info=&#8220;{}&#8220;][et_pb_blurb use_icon=&#8220;on&#8220; font_icon=&#8220;&#xe066;||fa||900&#8243; icon_placement=&#8220;left&#8220; _builder_version=&#8220;4.22.1&#8243; _module_preset=&#8220;default&#8220; header_line_height=&#8220;1.1em&#8220; global_colors_info=&#8220;{}&#8220;]<\/p>\n<p>Visita las propiedades que te interesan y elige la que m\u00e1s te guste. El buscador de propiedades se encargar\u00e1 de organizar las citas con los vendedores o las agencias, y te acompa\u00f1ar\u00e1 en las visitas. <strong>Te dar\u00e1 su opini\u00f3n profesional sobre las ventajas e inconvenientes de cada propiedad, y te ayudar\u00e1 a tomar una decisi\u00f3n.<\/strong><\/p>\n<p>[\/et_pb_blurb][et_pb_blurb use_icon=&#8220;on&#8220; font_icon=&#8220;&#xf573;||fa||900&#8243; icon_placement=&#8220;left&#8220; _builder_version=&#8220;4.22.1&#8243; _module_preset=&#8220;default&#8220; header_line_height=&#8220;1.1em&#8220; global_colors_info=&#8220;{}&#8220;]<\/p>\n<p>Firma el contrato y disfruta de tu nueva propiedad. El buscador de propiedades se ocupar\u00e1 de gestionar toda la documentaci\u00f3n, las negociaciones y las transacciones necesarias para cerrar el trato. <strong>Te asistir\u00e1 en la firma del contrato ante notario, y te entregar\u00e1 las llaves de tu nueva casa.<\/strong><\/p>\n<p>[\/et_pb_blurb][\/et_pb_column][\/et_pb_row][et_pb_row custom_padding_last_edited=&#8220;on|phone&#8220; _builder_version=&#8220;4.22.1&#8243; _module_preset=&#8220;default&#8220; custom_padding_tablet=&#8220;&#8220; custom_padding_phone=&#8220;20px||||false|false&#8220; global_colors_info=&#8220;{}&#8220;][et_pb_column type=&#8220;4_4&#8243; _builder_version=&#8220;4.22.1&#8243; _module_preset=&#8220;default&#8220; global_colors_info=&#8220;{}&#8220;][et_pb_text _builder_version=&#8220;4.22.1&#8243; _module_preset=&#8220;default&#8220; custom_margin=&#8220;1px||-3px|||&#8220; global_colors_info=&#8220;{}&#8220;]<\/p>\n<p>En conclusi\u00f3n, <strong>los buscadores de propiedades son tu mejor aliado para comprar una casa en la Costa Blanca<\/strong>. Te ofrecen un servicio profesional, personalizado e imparcial que te facilita todo el proceso de compra. <strong>Te ahorran tiempo, dinero y estr\u00e9s, y te garantizan una compra segura y satisfactoria.<\/strong><\/p>\n<ul><\/ul>\n<p>[\/et_pb_text][et_pb_text _builder_version=&#8220;4.22.1&#8243; _module_preset=&#8220;default&#8220; text_font_size=&#8220;20px&#8220; text_orientation=&#8220;center&#8220; custom_margin=&#8220;1px||-3px|||&#8220; global_colors_info=&#8220;{}&#8220;]<\/p>\n<p>Si est\u00e1s interesado en contratar a un buscador de propiedades profesional, <a href=\"https:\/\/inmobres.es\/contacto\/\">no dudes en contactarnos<\/a>.<br \/><cib-shared serp-slot=\"none\"><\/cib-shared><\/p>\n<ul><\/ul>\n<p>[\/et_pb_text][\/et_pb_column][\/et_pb_row][et_pb_row column_structure=&#8220;1_2,1_2&#8243; _builder_version=&#8220;4.22.1&#8243; _module_preset=&#8220;default&#8220; max_width=&#8220;800px&#8220; global_colors_info=&#8220;{}&#8220;][et_pb_column type=&#8220;1_2&#8243; _builder_version=&#8220;4.22.1&#8243; _module_preset=&#8220;default&#8220; global_colors_info=&#8220;{}&#8220;][et_pb_blurb title=&#8220;Llamar a Inmobres&#8220; use_icon=&#8220;on&#8220; font_icon=&#8220;&#xe00b;||divi||400&#8243; icon_color=&#8220;#c37cc6&#8243; icon_placement=&#8220;left&#8220; image_icon_width=&#8220;100px&#8220; image_icon_width_tablet=&#8220;100px&#8220; image_icon_width_phone=&#8220;80px&#8220; image_icon_width_last_edited=&#8220;on|phone&#8220; _builder_version=&#8220;4.22.1&#8243; _module_preset=&#8220;default&#8220; header_font=&#8220;Italianno||||||||&#8220; header_font_size=&#8220;50px&#8220; body_font=&#8220;Italianno||||||||&#8220; body_font_size=&#8220;40px&#8220; animation_style=&#8220;slide&#8220; header_font_size_tablet=&#8220;50px&#8220; header_font_size_phone=&#8220;40px&#8220; header_font_size_last_edited=&#8220;on|phone&#8220; global_colors_info=&#8220;{}&#8220;]<\/p>\n<p><a href=\"tel:+34656633190\">+34 656 633 190<\/a><\/p>\n<p>[\/et_pb_blurb][\/et_pb_column][et_pb_column type=&#8220;1_2&#8243; _builder_version=&#8220;4.22.1&#8243; _module_preset=&#8220;default&#8220; global_colors_info=&#8220;{}&#8220;][et_pb_blurb title=&#8220;Escribir a Inmobres&#8220; use_icon=&#8220;on&#8220; font_icon=&#8220;&#xe010;||divi||400&#8243; icon_color=&#8220;#c37cc6&#8243; icon_placement=&#8220;left&#8220; image_icon_width=&#8220;100px&#8220; image_icon_width_tablet=&#8220;100px&#8220; image_icon_width_phone=&#8220;80px&#8220; image_icon_width_last_edited=&#8220;on|phone&#8220; _builder_version=&#8220;4.22.1&#8243; _module_preset=&#8220;default&#8220; header_font=&#8220;Italianno||||||||&#8220; header_font_size=&#8220;50px&#8220; body_font=&#8220;Italianno||||||||&#8220; body_font_size=&#8220;40px&#8220; animation_style=&#8220;slide&#8220; header_font_size_tablet=&#8220;50px&#8220; header_font_size_phone=&#8220;40px&#8220; header_font_size_last_edited=&#8220;on|phone&#8220; global_colors_info=&#8220;{}&#8220;]<\/p>\n<p><a href=\"mailto:info@inmobres.com\">info@inmobres.com<\/a><\/p>\n<p>[\/et_pb_blurb][\/et_pb_column][\/et_pb_row][\/et_pb_section]<\/p>\n","protected":false},"excerpt":{"rendered":"<p>Encuentra la propiedad perfecta en la Costa Blanca con Inmobres, tu buscador de propiedades profesional. Amplia selecci\u00f3n de casas, apartamentos y villas.<\/p>\n","protected":false},"author":6,"featured_media":12398,"parent":0,"menu_order":0,"comment_status":"closed","ping_status":"closed","template":"","meta":{"_et_pb_use_builder":"on","_et_pb_old_content":"","_et_gb_content_width":"","_themeisle_gutenberg_block_has_review":false,"footnotes":""},"class_list":["post-12227","page","type-page","status-publish","has-post-thumbnail","hentry"],"_links":{"self":[{"href":"https:\/\/inmobres.es\/de\/wp-json\/wp\/v2\/pages\/12227","targetHints":{"allow":["GET"]}}],"collection":[{"href":"https:\/\/inmobres.es\/de\/wp-json\/wp\/v2\/pages"}],"about":[{"href":"https:\/\/inmobres.es\/de\/wp-json\/wp\/v2\/types\/page"}],"author":[{"embeddable":true,"href":"https:\/\/inmobres.es\/de\/wp-json\/wp\/v2\/users\/6"}],"replies":[{"embeddable":true,"href":"https:\/\/inmobres.es\/de\/wp-json\/wp\/v2\/comments?post=12227"}],"version-history":[{"count":69,"href":"https:\/\/inmobres.es\/de\/wp-json\/wp\/v2\/pages\/12227\/revisions"}],"predecessor-version":[{"id":12483,"href":"https:\/\/inmobres.es\/de\/wp-json\/wp\/v2\/pages\/12227\/revisions\/12483"}],"wp:featuredmedia":[{"embeddable":true,"href":"https:\/\/inmobres.es\/de\/wp-json\/wp\/v2\/media\/12398"}],"wp:attachment":[{"href":"https:\/\/inmobres.es\/de\/wp-json\/wp\/v2\/media?parent=12227"}],"curies":[{"name":"wp","href":"https:\/\/api.w.org\/{rel}","templated":true}]}}