{"id":120,"date":"2018-04-03T08:27:28","date_gmt":"2018-04-03T08:27:28","guid":{"rendered":"https:\/\/inmobres.es\/?page_id=120"},"modified":"2024-01-18T19:18:32","modified_gmt":"2024-01-18T18:18:32","slug":"novedades-del-sector-inmobiliario-en-la-costa-blanca","status":"publish","type":"page","link":"https:\/\/inmobres.es\/de\/novedades-del-sector-inmobiliario-en-la-costa-blanca\/","title":{"rendered":"Novedades del Sector Inmobiliario en la Costa Blanca"},"content":{"rendered":"<p>[et_pb_section fb_built=&#8220;1&#8243; admin_label=&#8220;Category Search Section&#8220; _builder_version=&#8220;4.16&#8243; custom_padding=&#8220;0||110px|&#8220; global_colors_info=&#8220;{}&#8220;][et_pb_row admin_label=&#8220;Category Search Title Area&#8220; _builder_version=&#8220;4.16&#8243; locked=&#8220;off&#8220; global_colors_info=&#8220;{}&#8220;][et_pb_column type=&#8220;4_4&#8243; _builder_version=&#8220;4.16&#8243; custom_padding=&#8220;|||&#8220; global_colors_info=&#8220;{}&#8220; custom_padding__hover=&#8220;|||&#8220;][et_pb_text admin_label=&#8220;Title&#8220; _builder_version=&#8220;4.23.4&#8243; _dynamic_attributes=&#8220;content&#8220; text_font=&#8220;||||||||&#8220; header_font=&#8220;Nunito||||||||&#8220; header_text_align=&#8220;center&#8220; header_text_color=&#8220;#263954&#8243; header_font_size=&#8220;36px&#8220; header_line_height=&#8220;1.4em&#8220; header_2_font=&#8220;Nunito||||||||&#8220; header_2_text_align=&#8220;center&#8220; header_2_text_color=&#8220;#263954&#8243; header_2_font_size=&#8220;36px&#8220; header_2_line_height=&#8220;1.4em&#8220; custom_margin=&#8220;||5px|&#8220; animation_style=&#8220;fold&#8220; animation_direction=&#8220;bottom&#8220; animation_intensity_fold=&#8220;20%&#8220; animation_starting_opacity=&#8220;100%&#8220; global_colors_info=&#8220;{}&#8220;]@ET-DC@eyJkeW5hbWljIjp0cnVlLCJjb250ZW50IjoicG9zdF90aXRsZSIsInNldHRpbmdzIjp7ImJlZm9yZSI6IjxoMT4iLCJhZnRlciI6IjwvaDE+In19@[\/et_pb_text][et_pb_divider color=&#8220;#0099e5&#8243; divider_position=&#8220;center&#8220; divider_weight=&#8220;2px&#8220; _builder_version=&#8220;4.16&#8243; max_width=&#8220;50px&#8220; module_alignment=&#8220;center&#8220; global_colors_info=&#8220;{}&#8220;][\/et_pb_divider][\/et_pb_column][\/et_pb_row][et_pb_row column_structure=&#8220;1_3,1_3,1_3&#8243; admin_label=&#8220;Categories&#8220; _builder_version=&#8220;3.22&#8243; custom_padding=&#8220;20px|||&#8220; custom_width_px=&#8220;1440px&#8220; global_module=&#8220;428&#8243; global_colors_info=&#8220;{}&#8220;][et_pb_column type=&#8220;1_3&#8243; _builder_version=&#8220;4.16&#8243; custom_padding=&#8220;|||&#8220; global_colors_info=&#8220;{}&#8220; custom_padding__hover=&#8220;|||&#8220;][et_pb_blurb title=&#8220;Ofertas y Promociones&#8220; image=&#8220;https:\/\/inmobres.es\/wp-content\/uploads\/2018\/04\/inmobres-Ofertas-min.jpg&#8220; _builder_version=&#8220;4.23.4&#8243; header_level=&#8220;h3&#8243; header_font=&#8220;Nunito||||||||&#8220; header_text_color=&#8220;#263954&#8243; header_font_size=&#8220;24px&#8220; header_line_height=&#8220;1.3em&#8220; body_font=&#8220;||||||||&#8220; body_font_size=&#8220;15px&#8220; body_line_height=&#8220;1.8em&#8220; animation=&#8220;off&#8220; link_option_url=&#8220;https:\/\/inmobres.es\/categorias\/ofertas-promociones\/&#8220; hover_enabled=&#8220;0&#8243; global_colors_info=&#8220;{}&#8220; text_orientation=&#8220;center&#8220; sticky_enabled=&#8220;0&#8243;]<\/p>\n<p>Inmuebles en Oferta en la Costa Blanca.<br \/>\u00a1No lo dejes escapar!<\/p>\n<p>[\/et_pb_blurb][\/et_pb_column][et_pb_column type=&#8220;1_3&#8243; _builder_version=&#8220;4.16&#8243; custom_padding=&#8220;|||&#8220; global_colors_info=&#8220;{}&#8220; custom_padding__hover=&#8220;|||&#8220;][et_pb_blurb title=&#8220;Informaci\u00f3n Inmobiliaria&#8220; image=&#8220;https:\/\/inmobres.es\/wp-content\/uploads\/2018\/04\/inmobres-Information-min.jpg&#8220; _builder_version=&#8220;4.23.4&#8243; header_level=&#8220;h3&#8243; header_font=&#8220;Nunito||||||||&#8220; header_text_color=&#8220;#263954&#8243; header_font_size=&#8220;24px&#8220; header_line_height=&#8220;1.3em&#8220; body_font=&#8220;||||||||&#8220; body_font_size=&#8220;15px&#8220; body_line_height=&#8220;1.8em&#8220; animation=&#8220;off&#8220; link_option_url=&#8220;https:\/\/inmobres.es\/categorias\/informacion-inmobiliaria\/&#8220; hover_enabled=&#8220;0&#8243; locked=&#8220;off&#8220; global_colors_info=&#8220;{}&#8220; text_orientation=&#8220;center&#8220; sticky_enabled=&#8220;0&#8243;]<\/p>\n<p>Recogemos las \u00faltimas novedades del Sector Inmobiliario.<\/p>\n<p>[\/et_pb_blurb][\/et_pb_column][et_pb_column type=&#8220;1_3&#8243; _builder_version=&#8220;4.16&#8243; custom_padding=&#8220;|||&#8220; global_colors_info=&#8220;{}&#8220; custom_padding__hover=&#8220;|||&#8220;][et_pb_blurb title=&#8220;Eventos y Fiestas&#8220; image=&#8220;https:\/\/inmobres.es\/wp-content\/uploads\/2018\/04\/inmobres-eventos-min.jpg&#8220; _builder_version=&#8220;4.23.4&#8243; header_level=&#8220;h3&#8243; header_font=&#8220;Nunito||||||||&#8220; header_text_color=&#8220;#263954&#8243; header_font_size=&#8220;24px&#8220; header_line_height=&#8220;1.3em&#8220; body_font=&#8220;||||||||&#8220; body_font_size=&#8220;15px&#8220; body_line_height=&#8220;1.8em&#8220; animation=&#8220;off&#8220; link_option_url=&#8220;https:\/\/inmobres.es\/categorias\/eventos-y-fiestas\/&#8220; hover_enabled=&#8220;0&#8243; locked=&#8220;off&#8220; global_colors_info=&#8220;{}&#8220; text_orientation=&#8220;center&#8220; sticky_enabled=&#8220;0&#8243;]<\/p>\n<p>No te pierdas ninguno de los eventos celebrados en Calp, Benissa y Moraira.<\/p>\n<p>[\/et_pb_blurb][\/et_pb_column][\/et_pb_row][et_pb_row column_structure=&#8220;1_3,1_3,1_3&#8243; admin_label=&#8220;Categories&#8220; _builder_version=&#8220;4.16&#8243; custom_padding=&#8220;20px|||&#8220; custom_width_px=&#8220;1440px&#8220; global_colors_info=&#8220;{}&#8220;][et_pb_column type=&#8220;1_3&#8243; _builder_version=&#8220;4.16&#8243; custom_padding=&#8220;|||&#8220; global_colors_info=&#8220;{}&#8220; custom_padding__hover=&#8220;|||&#8220;][et_pb_blurb title=&#8220;Gastronom\u00eda&#8220; image=&#8220;https:\/\/inmobres.es\/wp-content\/uploads\/2018\/04\/inmobres-gastronomia-min.jpg&#8220; _builder_version=&#8220;4.23.4&#8243; header_level=&#8220;h3&#8243; header_font=&#8220;Nunito||||||||&#8220; header_text_color=&#8220;#263954&#8243; header_font_size=&#8220;24px&#8220; header_line_height=&#8220;1.3em&#8220; body_font=&#8220;||||||||&#8220; body_font_size=&#8220;15px&#8220; body_line_height=&#8220;1.8em&#8220; animation=&#8220;off&#8220; link_option_url=&#8220;https:\/\/inmobres.es\/categorias\/gastronomia\/&#8220; hover_enabled=&#8220;0&#8243; global_colors_info=&#8220;{}&#8220; text_orientation=&#8220;center&#8220; sticky_enabled=&#8220;0&#8243;]<\/p>\n<p>Te traemos los restaurantes preferidos por los consumidores y platos t\u00edpicos de la zona.<\/p>\n<p>[\/et_pb_blurb][\/et_pb_column][et_pb_column type=&#8220;1_3&#8243; _builder_version=&#8220;4.16&#8243; custom_padding=&#8220;|||&#8220; global_colors_info=&#8220;{}&#8220; custom_padding__hover=&#8220;|||&#8220;][et_pb_blurb title=&#8220;Concursos y Sorteos&#8220; image=&#8220;https:\/\/inmobres.es\/wp-content\/uploads\/2021\/02\/gift-548284_640.jpg&#8220; alt=&#8220;Concursos y sorteos de Inmobres&#8220; _builder_version=&#8220;4.23.4&#8243; header_level=&#8220;h3&#8243; header_font=&#8220;Nunito||||||||&#8220; header_text_color=&#8220;#263954&#8243; header_font_size=&#8220;24px&#8220; header_line_height=&#8220;1.3em&#8220; body_font=&#8220;||||||||&#8220; body_font_size=&#8220;15px&#8220; body_line_height=&#8220;1.8em&#8220; animation=&#8220;off&#8220; link_option_url=&#8220;https:\/\/inmobres.es\/categorias\/concursos-y-sorteos\/&#8220; hover_enabled=&#8220;0&#8243; locked=&#8220;off&#8220; global_colors_info=&#8220;{}&#8220; text_orientation=&#8220;center&#8220; sticky_enabled=&#8220;0&#8243;]<\/p>\n<p>Participa en nuestros concursos y sorteos. \u00a1Podr\u00e1s ganar fant\u00e1sticos premios!<\/p>\n<p>[\/et_pb_blurb][\/et_pb_column][et_pb_column type=&#8220;1_3&#8243; _builder_version=&#8220;4.16&#8243; custom_padding=&#8220;|||&#8220; global_colors_info=&#8220;{}&#8220; custom_padding__hover=&#8220;|||&#8220;][et_pb_blurb title=&#8220;Parajes y Excursiones&#8220; image=&#8220;https:\/\/inmobres.es\/wp-content\/uploads\/2018\/05\/Penyon-de-ifach-calpe-inmobres.jpg&#8220; _builder_version=&#8220;4.23.4&#8243; header_level=&#8220;h3&#8243; header_font=&#8220;Nunito||||||||&#8220; header_text_color=&#8220;#263954&#8243; header_font_size=&#8220;24px&#8220; header_line_height=&#8220;1.3em&#8220; body_font=&#8220;||||||||&#8220; body_font_size=&#8220;15px&#8220; body_line_height=&#8220;1.8em&#8220; animation=&#8220;off&#8220; link_option_url=&#8220;https:\/\/inmobres.es\/categorias\/parajes-y-excursiones\/&#8220; hover_enabled=&#8220;0&#8243; locked=&#8220;off&#8220; global_colors_info=&#8220;{}&#8220; text_orientation=&#8220;center&#8220; sticky_enabled=&#8220;0&#8243;]<\/p>\n<p>Visita los parajes m\u00e1s bonitos y llamativos de la Costa Blanca.<\/p>\n<p>[\/et_pb_blurb][\/et_pb_column][\/et_pb_row][et_pb_row column_structure=&#8220;1_3,1_3,1_3&#8243; admin_label=&#8220;Categories&#8220; _builder_version=&#8220;4.16&#8243; custom_padding=&#8220;20px|||&#8220; custom_width_px=&#8220;1440px&#8220; global_colors_info=&#8220;{}&#8220;][et_pb_column type=&#8220;1_3&#8243; _builder_version=&#8220;4.16&#8243; custom_padding=&#8220;|||&#8220; global_colors_info=&#8220;{}&#8220; custom_padding__hover=&#8220;|||&#8220;][\/et_pb_column][et_pb_column type=&#8220;1_3&#8243; _builder_version=&#8220;4.16&#8243; custom_padding=&#8220;|||&#8220; global_colors_info=&#8220;{}&#8220; custom_padding__hover=&#8220;|||&#8220;][et_pb_blurb title=&#8220;Novedades&#8220; image=&#8220;https:\/\/inmobres.es\/wp-content\/uploads\/2022\/11\/news-1172463_640.jpg&#8220; alt=&#8220;Novedades en Inmobres&#8220; _builder_version=&#8220;4.23.4&#8243; header_level=&#8220;h3&#8243; header_font=&#8220;Nunito||||||||&#8220; header_text_color=&#8220;#263954&#8243; header_font_size=&#8220;24px&#8220; header_line_height=&#8220;1.3em&#8220; body_font=&#8220;||||||||&#8220; body_font_size=&#8220;15px&#8220; body_line_height=&#8220;1.8em&#8220; animation=&#8220;off&#8220; link_option_url=&#8220;https:\/\/inmobres.es\/categorias\/novedades-en-inmobres\/&#8220; hover_enabled=&#8220;0&#8243; locked=&#8220;off&#8220; global_colors_info=&#8220;{}&#8220; text_orientation=&#8220;center&#8220; sticky_enabled=&#8220;0&#8243;]<\/p>\n<p>Te traemos las \u00faltimas noticias relacionadas con el mundo de la inmobiliaria.<\/p>\n<p>[\/et_pb_blurb][\/et_pb_column][et_pb_column type=&#8220;1_3&#8243; _builder_version=&#8220;4.16&#8243; custom_padding=&#8220;|||&#8220; global_colors_info=&#8220;{}&#8220; custom_padding__hover=&#8220;|||&#8220;][\/et_pb_column][\/et_pb_row][\/et_pb_section][et_pb_section fb_built=&#8220;1&#8243; admin_label=&#8220;Sign Up Section&#8220; _builder_version=&#8220;4.16&#8243; background_color=&#8220;#f7f7f7&#8243; custom_padding=&#8220;38px||40px|&#8220; global_colors_info=&#8220;{}&#8220;][et_pb_row admin_label=&#8220;Subscriptiopn Area&#8220; _builder_version=&#8220;4.16&#8243; custom_padding=&#8220;|||&#8220; global_colors_info=&#8220;{}&#8220;][et_pb_column type=&#8220;4_4&#8243; _builder_version=&#8220;4.16&#8243; custom_padding=&#8220;|||&#8220; global_colors_info=&#8220;{}&#8220; custom_padding__hover=&#8220;|||&#8220;][et_pb_signup mailchimp_list=&#8220;Inmobres|be18ad49af&#8220; name_field=&#8220;on&#8220; success_message=&#8220;Se ha suscrito correctamente.&#8220; title=&#8220;Recibe las \u00daltimas Novedades&#8220; description=&#8220;<\/p>\n<p>Te enviamos mensualmente nuestros \u00faltimos art\u00edculos a tu correo electr\u00f3nico.<\/p>\n<p>Podr\u00e1s revisarlos de un vistazo y no te perder\u00e1s ninguno.<\/p>\n<p>&#8220; _builder_version=&#8220;4.19.0&#8243; header_font=&#8220;Nunito||||||||&#8220; header_text_color=&#8220;#263954&#8243; header_font_size=&#8220;36px&#8220; header_line_height=&#8220;1.3em&#8220; body_font=&#8220;||||||||&#8220; body_text_align=&#8220;left&#8220; body_font_size=&#8220;15px&#8220; body_line_height=&#8220;1.8em&#8220; use_background_color=&#8220;off&#8220; custom_button=&#8220;on&#8220; button_text_size=&#8220;14px&#8220; button_text_color=&#8220;#ffffff&#8220; button_bg_color=&#8220;#0099e5&#8243; button_border_width=&#8220;12px&#8220; button_border_color=&#8220;#0099e5&#8243; button_border_radius=&#8220;0px&#8220; button_letter_spacing=&#8220;2px&#8220; button_font=&#8220;Nunito|700||on|||||&#8220; button_use_icon=&#8220;off&#8220; background_layout=&#8220;light&#8220; custom_margin=&#8220;|||&#8220; custom_padding=&#8220;0px||0px|&#8220; animation_style=&#8220;fold&#8220; animation_direction=&#8220;bottom&#8220; animation_intensity_fold=&#8220;20%&#8220; animation_starting_opacity=&#8220;100%&#8220; button_text_color_hover=&#8220;#ffffff&#8220; button_border_color_hover=&#8220;#0099e5&#8243; button_border_radius_hover=&#8220;0px&#8220; button_bg_color_hover=&#8220;#0099e5&#8243; global_colors_info=&#8220;{}&#8220; button_text_size__hover_enabled=&#8220;off&#8220; button_one_text_size__hover_enabled=&#8220;off&#8220; button_two_text_size__hover_enabled=&#8220;off&#8220; button_text_color__hover_enabled=&#8220;on&#8220; button_text_color__hover=&#8220;#ffffff&#8220; button_one_text_color__hover_enabled=&#8220;off&#8220; button_two_text_color__hover_enabled=&#8220;off&#8220; button_border_width__hover_enabled=&#8220;off&#8220; button_one_border_width__hover_enabled=&#8220;off&#8220; button_two_border_width__hover_enabled=&#8220;off&#8220; button_border_color__hover_enabled=&#8220;on&#8220; button_border_color__hover=&#8220;#0099e5&#8243; button_one_border_color__hover_enabled=&#8220;off&#8220; button_two_border_color__hover_enabled=&#8220;off&#8220; button_border_radius__hover_enabled=&#8220;on&#8220; button_border_radius__hover=&#8220;0px&#8220; button_one_border_radius__hover_enabled=&#8220;off&#8220; button_two_border_radius__hover_enabled=&#8220;off&#8220; button_letter_spacing__hover_enabled=&#8220;off&#8220; button_one_letter_spacing__hover_enabled=&#8220;off&#8220; button_two_letter_spacing__hover_enabled=&#8220;off&#8220; button_bg_color__hover_enabled=&#8220;on&#8220; button_bg_color__hover=&#8220;#0099e5&#8243; button_one_bg_color__hover_enabled=&#8220;off&#8220; button_two_bg_color__hover_enabled=&#8220;off&#8220;]Te enviamos mensualmente nuestros \u00faltimos art\u00edculos a tu correo electr\u00f3nico.<\/p>\n<p>Podr\u00e1s revisarlos de un vistazo y no te perder\u00e1s ninguno.<br \/>\n[\/et_pb_signup][et_pb_toggle title=&#8220;Tus datos est\u00e1n protegidos en Inmobres porque cumplimos con el Reglamento General de Protecci\u00f3n de Datos. Saber m\u00e1s:&#8220; _builder_version=&#8220;4.16&#8243; locked=&#8220;off&#8220; global_colors_info=&#8220;{}&#8220;]<\/p>\n<ol>\n<li><strong>Responsable de los datos:<\/strong> Inmobres<\/li>\n<li><strong>Finalidad:<\/strong> Responder a la solicitud de informaci\u00f3n.<\/li>\n<li><strong>Almacenamiento de los datos (solo si se suscribe al Bolet\u00edn de Noticias):<\/strong> Base de Datos alojada en mailchimp.com<\/li>\n<li><strong>Derechos:<\/strong> En cualquier momento puede modificar, recuperar o eliminar dicha informaci\u00f3n.<\/li>\n<\/ol>\n<p>[\/et_pb_toggle][\/et_pb_column][\/et_pb_row][\/et_pb_section]<\/p>\n","protected":false},"excerpt":{"rendered":"<p>Inmuebles en Oferta en la Costa Blanca.\u00a1No lo dejes escapar!Recogemos las \u00faltimas novedades del Sector Inmobiliario.No te pierdas ninguno de los eventos celebrados en Calp, Benissa y Moraira.Te traemos los restaurantes preferidos por los consumidores y platos t\u00edpicos de la zona.Participa en nuestros concursos y sorteos. \u00a1Podr\u00e1s ganar fant\u00e1sticos premios!Visita los parajes m\u00e1s bonitos y [&hellip;]<\/p>\n","protected":false},"author":3,"featured_media":0,"parent":0,"menu_order":0,"comment_status":"closed","ping_status":"closed","template":"","meta":{"_et_pb_use_builder":"on","_et_pb_old_content":"","_et_gb_content_width":"","_themeisle_gutenberg_block_has_review":false,"footnotes":""},"class_list":["post-120","page","type-page","status-publish","hentry"],"_links":{"self":[{"href":"https:\/\/inmobres.es\/de\/wp-json\/wp\/v2\/pages\/120","targetHints":{"allow":["GET"]}}],"collection":[{"href":"https:\/\/inmobres.es\/de\/wp-json\/wp\/v2\/pages"}],"about":[{"href":"https:\/\/inmobres.es\/de\/wp-json\/wp\/v2\/types\/page"}],"author":[{"embeddable":true,"href":"https:\/\/inmobres.es\/de\/wp-json\/wp\/v2\/users\/3"}],"replies":[{"embeddable":true,"href":"https:\/\/inmobres.es\/de\/wp-json\/wp\/v2\/comments?post=120"}],"version-history":[{"count":10,"href":"https:\/\/inmobres.es\/de\/wp-json\/wp\/v2\/pages\/120\/revisions"}],"predecessor-version":[{"id":13370,"href":"https:\/\/inmobres.es\/de\/wp-json\/wp\/v2\/pages\/120\/revisions\/13370"}],"wp:attachment":[{"href":"https:\/\/inmobres.es\/de\/wp-json\/wp\/v2\/media?parent=120"}],"curies":[{"name":"wp","href":"https:\/\/api.w.org\/{rel}","templated":true}]}}