{"id":11730,"date":"2023-05-26T17:05:29","date_gmt":"2023-05-26T15:05:29","guid":{"rendered":"https:\/\/inmobres.es\/calpe-ist-das-radsport-paradies-an-der-costa-blanca\/"},"modified":"2023-12-01T09:42:25","modified_gmt":"2023-12-01T08:42:25","slug":"calpe-ist-das-radsport-paradies-an-der-costa-blanca","status":"publish","type":"page","link":"https:\/\/inmobres.es\/de\/calpe-ist-das-radsport-paradies-an-der-costa-blanca\/","title":{"rendered":"Calpe ist das Radsport-Paradies an der Costa Blanca"},"content":{"rendered":"<p>[et_pb_section fb_built=&#8220;1&#8243; admin_label=&#8220;Header&#8220; _builder_version=&#8220;4.16&#8243; _module_preset=&#8220;default&#8220; overflow-x=&#8220;hidden&#8220; overflow-y=&#8220;hidden&#8220; custom_padding=&#8220;30px||0px|||&#8220; hover_enabled=&#8220;0&#8243; locked=&#8220;off&#8220; global_colors_info=&#8220;{}&#8220; sticky_enabled=&#8220;0&#8243;][et_pb_row column_structure=&#8220;1_2,1_2&#8243; use_custom_gutter=&#8220;on&#8220; make_equal=&#8220;on&#8220; _builder_version=&#8220;4.21.0&#8243; _module_preset=&#8220;default&#8220; width=&#8220;90%&#8220; max_width=&#8220;4000px&#8220; module_alignment=&#8220;right&#8220; custom_padding=&#8220;||0px||false|false&#8220; hover_enabled=&#8220;0&#8243; global_colors_info=&#8220;{}&#8220; sticky_enabled=&#8220;0&#8243;][et_pb_column type=&#8220;1_2&#8243; _builder_version=&#8220;4.21.0&#8243; _module_preset=&#8220;default&#8220; custom_padding=&#8220;|100px|50px||false|false&#8220; custom_padding_tablet=&#8220;|100px|50px||false|false&#8220; custom_padding_phone=&#8220;|0px|||false|false&#8220; custom_padding_last_edited=&#8220;on|phone&#8220; hover_enabled=&#8220;0&#8243; global_colors_info=&#8220;{}&#8220; sticky_enabled=&#8220;0&#8243;][et_pb_text _builder_version=&#8220;4.22.1&#8243; _module_preset=&#8220;default&#8220; header_font=&#8220;||||||||&#8220; header_font_size=&#8220;100px&#8220; header_line_height=&#8220;0.9em&#8220; header_2_font=&#8220;||||||||&#8220; header_2_font_size=&#8220;60px&#8220; custom_padding=&#8220;|||50px|false|false&#8220; custom_padding_tablet=&#8220;|||50px|false|false&#8220; custom_padding_phone=&#8220;|||0px|false|false&#8220; custom_padding_last_edited=&#8220;on|phone&#8220; hover_enabled=&#8220;0&#8243; header_font_size_tablet=&#8220;80px&#8220; header_font_size_phone=&#8220;48px&#8220; header_font_size_last_edited=&#8220;on|tablet&#8220; header_line_height_tablet=&#8220;1em&#8220; header_line_height_phone=&#8220;&#8220; header_line_height_last_edited=&#8220;on|tablet&#8220; header_2_font_size_tablet=&#8220;80px&#8220; header_2_font_size_phone=&#8220;48px&#8220; header_2_font_size_last_edited=&#8220;on|tablet&#8220; header_2_line_height_tablet=&#8220;1em&#8220; header_2_line_height_phone=&#8220;1em&#8220; header_2_line_height_last_edited=&#8220;on|tablet&#8220; header_text_shadow_style=&#8220;preset2&#8243; header_text_shadow_horizontal_length=&#8220;0.05em&#8220; header_text_shadow_vertical_length=&#8220;0.06em&#8220; box_shadow_style=&#8220;preset4&#8243; box_shadow_horizontal=&#8220;-540px&#8220; box_shadow_vertical=&#8220;0px&#8220; box_shadow_color=&#8220;#ea3900&#8243; box_shadow_horizontal_tablet=&#8220;-83vw&#8220; box_shadow_horizontal_phone=&#8220;&#8220; box_shadow_horizontal_last_edited=&#8220;on|phone&#8220; global_colors_info=&#8220;{}&#8220; sticky_enabled=&#8220;0&#8243;]<\/p>\n<h1><span style=\"color: #ea3900;\">Calpe<\/span><\/h1>\n<h2 style=\"text-align: left;\">Das Fahrrad &#8211; Paradies an der Costa Blanca<\/h2>\n<p>[\/et_pb_text][et_pb_text _builder_version=&#8220;4.22.1&#8243; _module_preset=&#8220;default&#8220; text_line_height=&#8220;1.8em&#8220; width_tablet=&#8220;&#8220; width_phone=&#8220;90%&#8220; width_last_edited=&#8220;on|phone&#8220; module_alignment=&#8220;left&#8220; custom_margin=&#8220;||100px||false|false&#8220; custom_margin_tablet=&#8220;||50px|||&#8220; custom_margin_phone=&#8220;||20px||false|false&#8220; custom_margin_last_edited=&#8220;on|phone&#8220; custom_padding=&#8220;|||40px|false|false&#8220; custom_padding_tablet=&#8220;|||40px|false|false&#8220; custom_padding_phone=&#8220;|||0px|false|false&#8220; custom_padding_last_edited=&#8220;on|phone&#8220; hover_enabled=&#8220;0&#8243; text_font_size_tablet=&#8220;&#8220; text_font_size_phone=&#8220;14px&#8220; text_font_size_last_edited=&#8220;on|phone&#8220; global_colors_info=&#8220;{}&#8220; sticky_enabled=&#8220;0&#8243;]<\/p>\n<p style=\"text-align: center;\"><strong>Gef\u00e4llt Dir der Radsport ?<\/strong><span> <\/span>M\u00f6chtest Du an einem Ort leben an dem du deine Leidenschaft jeden Tag geniessen kannst ?<\/p>\n<p style=\"text-align: center;\">M\u00f6chtest du <span> <\/span><strong>Calpe<\/strong> kennenlernen, das Paradies f\u00fcr Radfahrer an der Costa Blanca.<\/p>\n<p style=\"text-align: center;\">Calpe und seine Umgebung haben einer der sch\u00f6nsten Radfahrer &#8211; Routen in ganz Europa, mit herrlichen Ausblicken vom Meer bis hin in die Berge.<\/p>\n<p style=\"text-align: center;\">Profi &#8211; Radsport-Teams (UCI), wie auch Hobby-Radsportler trainieren hier das ganze Jahr \u00fcber und machen diese sch\u00f6ne Gegend zu einer der gefragtesten Radpsort-Regionen weltweit.<\/p>\n<p>[\/et_pb_text][\/et_pb_column][et_pb_column type=&#8220;1_2&#8243; _builder_version=&#8220;4.21.0&#8243; _module_preset=&#8220;default&#8220; use_background_color_gradient=&#8220;on&#8220; background_color_gradient_stops=&#8220;rgba(234,57,0,0) 80%|#ea3900 80%|#ea3900 100%&#8220; background_color_gradient_start=&#8220;rgba(0,0,0,0)&#8220; background_color_gradient_start_position=&#8220;80%&#8220; background_color_gradient_end=&#8220;#ea3900&#8243; background_color_gradient_end_position=&#8220;0%&#8220; global_colors_info=&#8220;{}&#8220;][et_pb_image src=&#8220;https:\/\/inmobres.es\/wp-content\/uploads\/2023\/06\/bici-inmobres.png&#8220; alt=&#8220;Calpe ist das Radsport-Paradies an der Costa Blanca&#8220; title_text=&#8220;Calpe ist das Radsport-Paradies an der Costa Blanca&#8220; _builder_version=&#8220;4.21.0&#8243; _module_preset=&#8220;default&#8220; positioning=&#8220;absolute&#8220; position_origin_a=&#8220;bottom_left&#8220; position_origin_a_tablet=&#8220;&#8220; position_origin_a_phone=&#8220;&#8220; position_origin_a_last_edited=&#8220;on|tablet&#8220; position_origin_f_tablet=&#8220;&#8220; position_origin_f_phone=&#8220;&#8220; position_origin_f_last_edited=&#8220;on|tablet&#8220; position_origin_r_tablet=&#8220;&#8220; position_origin_r_phone=&#8220;&#8220; position_origin_r_last_edited=&#8220;on|tablet&#8220; width=&#8220;150%&#8220; custom_margin=&#8220;|-30vw||-6%|false|false&#8220; custom_margin_tablet=&#8220;|-10vw||0%|false|false&#8220; custom_margin_phone=&#8220;&#8220; custom_margin_last_edited=&#8220;on|tablet&#8220; scroll_vertical_motion=&#8220;0|69|69|100|0|0|-2.5&#8243; scroll_horizontal_motion_enable=&#8220;on&#8220; scroll_horizontal_motion=&#8220;0|55|55|100|0.5|0.5|-21.5&#8243; scroll_rotating_enable=&#8220;on&#8220; scroll_rotating=&#8220;0|60|60|80|0\u00b0|0\u00b0|10\u00b0&#8220; hover_enabled=&#8220;0&#8243; positioning_tablet=&#8220;none&#8220; positioning_phone=&#8220;&#8220; positioning_last_edited=&#8220;on|tablet&#8220; scroll_horizontal_motion_tablet=&#8220;0|50|50|100|4|0|-8&#8243; scroll_horizontal_motion_phone=&#8220;0|50|50|100|4|0|-8&#8243; scroll_horizontal_motion_last_edited=&#8220;on|tablet&#8220; scroll_rotating_tablet=&#8220;0|50|50|82|0\u00b0|0\u00b0|10\u00b0&#8220; scroll_rotating_phone=&#8220;0|50|50|82|0\u00b0|0\u00b0|10\u00b0&#8220; scroll_rotating_last_edited=&#8220;on|phone&#8220; locked=&#8220;off&#8220; global_colors_info=&#8220;{}&#8220; sticky_enabled=&#8220;0&#8243;][\/et_pb_image][et_pb_button button_url=&#8220;https:\/\/www.inmobres.com\/es\/&#8220; url_new_window=&#8220;on&#8220; button_text=&#8220;Angebote an H\u00e4user und Appartements ansehen&#8220; button_alignment=&#8220;center&#8220; _builder_version=&#8220;4.21.0&#8243; _module_preset=&#8220;default&#8220; custom_button=&#8220;on&#8220; button_text_size=&#8220;30px&#8220; button_text_color=&#8220;#FFFFFF&#8220; button_bg_color=&#8220;#96319b&#8220; button_use_icon=&#8220;off&#8220; positioning=&#8220;absolute&#8220; position_origin_a=&#8220;bottom_center&#8220; custom_margin=&#8220;||35px||false|false&#8220; custom_margin_tablet=&#8220;||20px||false|false&#8220; custom_margin_phone=&#8220;||9px||false|false&#8220; custom_margin_last_edited=&#8220;on|phone&#8220; sticky_position=&#8220;top&#8220; sticky_offset_top=&#8220;20px&#8220; scroll_fade_enable=&#8220;on&#8220; scroll_fade=&#8220;0|42|42|65|0|0%|100&#8243; button_text_size_tablet=&#8220;24px&#8220; button_text_size_phone=&#8220;14px&#8220; button_text_size_last_edited=&#8220;on|tablet&#8220; scroll_fade_tablet=&#8220;0|42|42|65|0|0%|100&#8243; scroll_fade_phone=&#8220;0|44|44|78|0|0%|100&#8243; scroll_fade_last_edited=&#8220;on|phone&#8220; custom_css_main_element=&#8220;min-width: 450px;&#8220; global_colors_info=&#8220;{}&#8220; custom_css_main_element_last_edited=&#8220;on|phone&#8220; custom_css_main_element_tablet=&#8220;min-width: 400px;&#8220; custom_css_main_element_phone=&#8220;min-width: 220px;&#8220;][\/et_pb_button][\/et_pb_column][\/et_pb_row][\/et_pb_section][et_pb_section fb_built=&#8220;1&#8243; use_custom_gutter=&#8220;on&#8220; gutter_width=&#8220;1&#8243; specialty=&#8220;on&#8220; custom_padding_last_edited=&#8220;on|phone&#8220; padding_2_tablet=&#8220;&#8220; padding_2_phone=&#8220;||||false|false&#8220; padding_2_last_edited=&#8220;on|phone&#8220; _builder_version=&#8220;4.21.0&#8243; _module_preset=&#8220;default&#8220; width=&#8220;80%&#8220; width_tablet=&#8220;100%&#8220; width_phone=&#8220;100%&#8220; width_last_edited=&#8220;on|phone&#8220; module_alignment=&#8220;right&#8220; custom_padding=&#8220;||0px||false|false&#8220; custom_padding_tablet=&#8220;||0px||false|false&#8220; custom_padding_phone=&#8220;||0px||false|false&#8220; global_colors_info=&#8220;{}&#8220;][et_pb_column type=&#8220;1_2&#8243; _builder_version=&#8220;4.16&#8243; custom_padding=&#8220;|||&#8220; global_colors_info=&#8220;{}&#8220; custom_padding__hover=&#8220;|||&#8220;][et_pb_image src=&#8220;https:\/\/inmobres.es\/wp-content\/uploads\/2023\/05\/fb2a2e2e-b90c-4d12-b174-6b4b76d525cb.jpeg&#8220; alt=&#8220;Radfahrer am Meer&#8220; title_text=&#8220;Radfahrer am Meer&#8220; _builder_version=&#8220;4.21.0&#8243; _module_preset=&#8220;default&#8220; custom_margin=&#8220;75px||||false|false&#8220; animation_style=&#8220;slide&#8220; animation_direction=&#8220;left&#8220; animation_duration=&#8220;1400ms&#8220; animation_intensity_slide=&#8220;36%&#8220; animation_speed_curve=&#8220;linear&#8220; locked=&#8220;off&#8220; global_colors_info=&#8220;{}&#8220;][\/et_pb_image][\/et_pb_column][et_pb_column type=&#8220;1_2&#8243; specialty_columns=&#8220;2&#8243; _builder_version=&#8220;4.16&#8243; custom_padding=&#8220;|||&#8220; global_colors_info=&#8220;{}&#8220; custom_padding__hover=&#8220;|||&#8220;][et_pb_row_inner _builder_version=&#8220;4.21.0&#8243; _module_preset=&#8220;default&#8220; background_enable_color=&#8220;off&#8220; custom_padding=&#8220;0px|||||&#8220; global_colors_info=&#8220;{}&#8220;][et_pb_column_inner saved_specialty_column_type=&#8220;1_2&#8243; _builder_version=&#8220;4.21.0&#8243; _module_preset=&#8220;default&#8220; global_colors_info=&#8220;{}&#8220;][et_pb_text _builder_version=&#8220;4.21.0&#8243; _module_preset=&#8220;default&#8220; text_line_height=&#8220;1.8em&#8220; background_color=&#8220;#f6f6f6&#8243; custom_margin=&#8220;||0px||false|false&#8220; custom_padding=&#8220;100px|50px|100px|50px|true|true&#8220; custom_padding_tablet=&#8220;100px|50px|100px|50px|true|true&#8220; custom_padding_phone=&#8220;50px|40px|50px|40px|true|true&#8220; custom_padding_last_edited=&#8220;on|phone&#8220; text_font_size_tablet=&#8220;&#8220; text_font_size_phone=&#8220;14px&#8220; text_font_size_last_edited=&#8220;on|phone&#8220; locked=&#8220;off&#8220; global_colors_info=&#8220;{}&#8220;]<\/p>\n<p>Calpe ist ein idealer Ort f\u00fcr die Liebhaber des Radport und bietet eine<span> <\/span><strong>grosse Auswahl an traumhaften Routen und sch\u00f6ner Landschaft f\u00fcr jedes Niveau und Geschmack <\/strong>.<\/p>\n<p>Von den feinen Sand-Str\u00e4nden und romantischen Buchten mit ihrem kristallklarem Wasser, \u00fcber die Berge und T\u00e4ler im Landesinneren, bis zum<span> <\/span><strong>Pe\u00f1\u00f3n de Ifach<\/strong>, Wahrzeichen der<span> <\/span><strong>Costa Blanca<\/strong><span> <\/span>welcher sich \u00fcber das Mittelmeer erhebt.<\/p>\n<p>Ausserdem hat Calpe ein herrliches Klima, mit \u00fcber 300 Sonnen-Tagen im Jahr und Durchschnitts-Temperaturen um die 18\u00baC, was<span> <\/span><strong>ideal ist um den Radsport das ganze Jahr \u00fcber auszu\u00fcben.<\/strong><\/p>\n<p>[\/et_pb_text][et_pb_signup mailchimp_list=&#8220;Inmobres|be18ad49af&#8220; last_name_field=&#8220;off&#8220; use_custom_fields=&#8220;on&#8220; title=&#8220;Newsletter erhalten&#8220; button_text=&#8220;Anmelden&#8220; description=&#8220;<\/p>\n<p>M\u00f6chtest Du die <strong>neusten Info\u00b4s von der Costa Blanca<\/strong> erhalten, wie Feste und Events, Preisausschreiben und Verlosungen oder die <strong>TOP Immobilien-Angebote<\/strong>?<\/p>\n<p>&#8220; use_spam_service=&#8220;on&#8220; recaptcha_list=&#8220;Inmobres Blog|Inmobres Blog-0&#8243; module_id=&#8220;ciclistasNewsletter&#8220; _builder_version=&#8220;4.21.0&#8243; _module_preset=&#8220;default&#8220; background_color=&#8220;#ea3a00&#8243; text_orientation=&#8220;center&#8220; animation_style=&#8220;slide&#8220; global_colors_info=&#8220;{}&#8220;][et_pb_signup_custom_field field_id=&#8220;9d9075dc8b&#8220; field_title=&#8220;Protecci\u00f3n de Datos:&#8220; field_type=&#8220;radio&#8220; radio_options=&#8220;%91{%22checked%22:0,%22value%22:%22Acepto la Pol\u00edtica de Privacidad%22,%22id%22:%225469b644f0%22,%22dragID%22:-1,%22link_url%22:%22https:\/\/inmobres.es\/politica-de-privacidad\/%22,%22link_text%22:%22%22}%93&#8243; _builder_version=&#8220;4.21.0&#8243; _module_preset=&#8220;default&#8220; global_colors_info=&#8220;{}&#8220; predefined_field=&#8220;9d9075dc8b&#8220;][\/et_pb_signup_custom_field][\/et_pb_signup][\/et_pb_column_inner][\/et_pb_row_inner][\/et_pb_column][\/et_pb_section][et_pb_section fb_built=&#8220;1&#8243; custom_padding_last_edited=&#8220;on|phone&#8220; admin_label=&#8220;Testimonials&#8220; _builder_version=&#8220;4.21.0&#8243; _module_preset=&#8220;default&#8220; custom_padding=&#8220;30px||30px||false|false&#8220; custom_padding_tablet=&#8220;30px||30px||false|false&#8220; custom_padding_phone=&#8220;30px||30px||false|false&#8220; locked=&#8220;off&#8220; global_colors_info=&#8220;{}&#8220;][et_pb_row _builder_version=&#8220;4.21.0&#8243; _module_preset=&#8220;default&#8220; width=&#8220;60%&#8220; width_tablet=&#8220;80%&#8220; width_phone=&#8220;&#8220; width_last_edited=&#8220;on|tablet&#8220; global_colors_info=&#8220;{}&#8220;][et_pb_column type=&#8220;4_4&#8243; _builder_version=&#8220;4.16&#8243; _module_preset=&#8220;default&#8220; global_colors_info=&#8220;{}&#8220;][et_pb_divider color=&#8220;#ea3900&#8243; divider_weight=&#8220;15px&#8220; _builder_version=&#8220;4.16&#8243; _module_preset=&#8220;default&#8220; max_width=&#8220;300px&#8220; module_alignment=&#8220;center&#8220; height=&#8220;15px&#8220; global_colors_info=&#8220;{}&#8220;][\/et_pb_divider][et_pb_text _builder_version=&#8220;4.21.0&#8243; _module_preset=&#8220;default&#8220; text_line_height=&#8220;1.8em&#8220; custom_margin=&#8220;50px||||false|false&#8220; text_font_size_tablet=&#8220;&#8220; text_font_size_phone=&#8220;14px&#8220; text_font_size_last_edited=&#8220;on|phone&#8220; locked=&#8220;off&#8220; global_colors_info=&#8220;{}&#8220;]<\/p>\n<p style=\"text-align: center;\">Calpe bietet ein grosses Angebot an <strong>Service und Infrastruktur f\u00fcr Radfahrer<\/strong>, wie Fahrradwege, Fachgesch\u00e4fte, Fahrrad-Werkst\u00e4tten, Fahrrad-Verleih und Hotels mit allem notwendigen f\u00fcr Radsportler.<\/p>\n<p style=\"text-align: center;\">Aus all diesen Gr\u00fcnden ist Calpe f\u00fcr Radsport-Fans ein perfekter Ort um hier ein Haus zu erwerben. Du kannst deinen Lieblings-Sport in einer einzigartigen naturbelassenen und kulturellen Region mit Lebensqualit\u00e4t geniessen.<\/p>\n<p>[\/et_pb_text][\/et_pb_column][\/et_pb_row][et_pb_row column_structure=&#8220;1_2,1_2&#8243; custom_padding_last_edited=&#8220;on|phone&#8220; _builder_version=&#8220;4.21.0&#8243; _module_preset=&#8220;default&#8220; width=&#8220;50%&#8220; width_tablet=&#8220;80%&#8220; width_phone=&#8220;80%&#8220; width_last_edited=&#8220;on|tablet&#8220; custom_padding_tablet=&#8220;&#8220; custom_padding_phone=&#8220;||0px||false|false&#8220; global_colors_info=&#8220;{}&#8220; custom_css_main_element_last_edited=&#8220;on|tablet&#8220; custom_css_main_element_tablet=&#8220;display: flex;&#8220; custom_css_main_element_phone=&#8220;display: flex;&#8220;][et_pb_column type=&#8220;1_2&#8243; _builder_version=&#8220;4.21.0&#8243; _module_preset=&#8220;default&#8220; custom_padding_tablet=&#8220;|20px|||false|false&#8220; custom_padding_phone=&#8220;|20px|||false|false&#8220; custom_padding_last_edited=&#8220;on|tablet&#8220; global_colors_info=&#8220;{}&#8220;][et_pb_image src=&#8220;https:\/\/inmobres.es\/wp-content\/uploads\/2023\/06\/villen-inmobres.jpg&#8220; title_text=&#8220;Villas-inmobres&#8220; url=&#8220;https:\/\/www.inmobres.com\/es\/results\/?id_tipo_operacion=1&amp;type=3&amp;dt=76%40%7C%40212%40%7C%40&amp;dormitorios_min=&amp;precio_max=&#8220; url_new_window=&#8220;on&#8220; _builder_version=&#8220;4.21.0&#8243; _module_preset=&#8220;default&#8220; border_radii=&#8220;on|20px|20px|20px|20px&#8220; global_colors_info=&#8220;{}&#8220; transform_styles__hover_enabled=&#8220;on|hover&#8220; transform_scale__hover_enabled=&#8220;on|hover&#8220; transform_translate__hover_enabled=&#8220;on|desktop&#8220; transform_rotate__hover_enabled=&#8220;on|desktop&#8220; transform_skew__hover_enabled=&#8220;on|desktop&#8220; transform_origin__hover_enabled=&#8220;on|desktop&#8220; transform_scale__hover=&#8220;105%|105%&#8220; transform_rotate__hover=&#8220;0deg|0deg|2deg&#8220;][\/et_pb_image][\/et_pb_column][et_pb_column type=&#8220;1_2&#8243; _builder_version=&#8220;4.21.0&#8243; _module_preset=&#8220;default&#8220; custom_padding_tablet=&#8220;|||20px|false|false&#8220; custom_padding_phone=&#8220;|||20px|false|false&#8220; custom_padding_last_edited=&#8220;on|tablet&#8220; global_colors_info=&#8220;{}&#8220;][et_pb_image src=&#8220;https:\/\/inmobres.es\/wp-content\/uploads\/2023\/06\/Appartements-inmobres-1.jpg&#8220; title_text=&#8220;Appartement-inmobres&#8220; url=&#8220;https:\/\/www.inmobres.com\/es\/results\/?id_tipo_operacion=1&amp;type=1%2C18&amp;dt=76%40%7C%40212%40%7C%40&amp;dormitorios_min=&amp;precio_max=&#8220; url_new_window=&#8220;on&#8220; _builder_version=&#8220;4.21.0&#8243; _module_preset=&#8220;default&#8220; border_radii=&#8220;on|20px|20px|20px|20px&#8220; global_colors_info=&#8220;{}&#8220; transform_styles__hover_enabled=&#8220;on|hover&#8220; transform_scale__hover_enabled=&#8220;on|hover&#8220; transform_translate__hover_enabled=&#8220;on|desktop&#8220; transform_rotate__hover_enabled=&#8220;on|desktop&#8220; transform_skew__hover_enabled=&#8220;on|desktop&#8220; transform_origin__hover_enabled=&#8220;on|desktop&#8220; transform_scale__hover=&#8220;105%|105%&#8220; transform_rotate__hover=&#8220;0deg|0deg|-2deg&#8220;][\/et_pb_image][\/et_pb_column][\/et_pb_row][et_pb_row _builder_version=&#8220;4.21.0&#8243; _module_preset=&#8220;default&#8220; custom_padding=&#8220;2px|||||&#8220; global_colors_info=&#8220;{}&#8220;][et_pb_column type=&#8220;4_4&#8243; _builder_version=&#8220;4.21.0&#8243; _module_preset=&#8220;default&#8220; global_colors_info=&#8220;{}&#8220;][et_pb_text _builder_version=&#8220;4.21.0&#8243; _module_preset=&#8220;default&#8220; text_font_size=&#8220;18px&#8220; text_line_height=&#8220;1.8em&#8220; header_3_font_size=&#8220;26px&#8220; custom_margin=&#8220;30px||||false|false&#8220; text_font_size_tablet=&#8220;&#8220; text_font_size_phone=&#8220;14px&#8220; text_font_size_last_edited=&#8220;on|phone&#8220; locked=&#8220;off&#8220; global_colors_info=&#8220;{}&#8220;]<\/p>\n<p class=\"has-text-align-center\" style=\"text-align: center;\"><strong>Z\u00f6gere nicht und<span> <\/span><a href=\"https:\/\/inmobres.es\/contacto\/\" data-type=\"page\" data-id=\"323\">kontaktiere<span> <\/span><\/a>uns, um das Haus deiner Tr\u00e4ume in Calpe zu finden.<\/strong><\/p>\n<h3 class=\"has-text-align-center\" style=\"text-align: center;\"><strong>Wir freuen uns auf Dich!!!<\/strong><\/h3>\n<p>&nbsp;<\/p>\n<div class=\"wp-block-columns is-layout-flex wp-container-6\">\n<div class=\"wp-block-column is-layout-flow\"><\/div>\n<\/div>\n<p>[\/et_pb_text][\/et_pb_column][\/et_pb_row][\/et_pb_section]<\/p>\n","protected":false},"excerpt":{"rendered":"<p>Entdecke Calpe, das Paradies f\u00fcr Radfahrer an der Costa Blanca. Wundersch\u00f6ne Routen, die Landschaft und das Klima sind perfekt um den Radsport zu geniessen.<\/p>\n","protected":false},"author":6,"featured_media":11159,"parent":0,"menu_order":0,"comment_status":"closed","ping_status":"closed","template":"","meta":{"_et_pb_use_builder":"on","_et_pb_old_content":"","_et_gb_content_width":"","_themeisle_gutenberg_block_has_review":false,"footnotes":""},"class_list":["post-11730","page","type-page","status-publish","has-post-thumbnail","hentry"],"_links":{"self":[{"href":"https:\/\/inmobres.es\/de\/wp-json\/wp\/v2\/pages\/11730","targetHints":{"allow":["GET"]}}],"collection":[{"href":"https:\/\/inmobres.es\/de\/wp-json\/wp\/v2\/pages"}],"about":[{"href":"https:\/\/inmobres.es\/de\/wp-json\/wp\/v2\/types\/page"}],"author":[{"embeddable":true,"href":"https:\/\/inmobres.es\/de\/wp-json\/wp\/v2\/users\/6"}],"replies":[{"embeddable":true,"href":"https:\/\/inmobres.es\/de\/wp-json\/wp\/v2\/comments?post=11730"}],"version-history":[{"count":7,"href":"https:\/\/inmobres.es\/de\/wp-json\/wp\/v2\/pages\/11730\/revisions"}],"predecessor-version":[{"id":13190,"href":"https:\/\/inmobres.es\/de\/wp-json\/wp\/v2\/pages\/11730\/revisions\/13190"}],"wp:featuredmedia":[{"embeddable":true,"href":"https:\/\/inmobres.es\/de\/wp-json\/wp\/v2\/media\/11159"}],"wp:attachment":[{"href":"https:\/\/inmobres.es\/de\/wp-json\/wp\/v2\/media?parent=11730"}],"curies":[{"name":"wp","href":"https:\/\/api.w.org\/{rel}","templated":true}]}}